{"id":98,"date":"2020-09-10T21:01:48","date_gmt":"2020-09-10T21:01:48","guid":{"rendered":"http:\/\/macher.ga\/fluogas\/?post_type=product&#038;p=98"},"modified":"2020-10-20T18:50:10","modified_gmt":"2020-10-20T18:50:10","slug":"serie-ex","status":"publish","type":"product","link":"https:\/\/fluogas.com\/?product=serie-ex","title":{"rendered":"Serie EX"},"content":{"rendered":"<p>Los interruptores Serie EX MICRO SWITCH cuentan con las carcasas m\u00e1s peque\u00f1as con homologaci\u00f3n\u00a0UL disponibles para ubicaciones peligrosas. La cavidad del interruptor de la Serie\u00a0EX est\u00e1 dise\u00f1ada para enfriar los gases expansores por debajo de la temperatura de ignici\u00f3n de la atm\u00f3sfera explosiva circundante. La Serie\u00a0EX puede conectarse a una corriente de hasta 20\u00a0A mientras brinda amplio espacio de cableado para facilitar la instalaci\u00f3n. Hay aberturas de conducto simples y dobles disponibles. Las aberturas de conducto dobles pueden utilizarse para conectar m\u00faltiples interruptores. La Serie\u00a0EX puede montarse desde cualquiera de los cuatro lados del interruptor.<\/p>\n","protected":false},"excerpt":{"rendered":"<p>Los interruptores Serie EX MICRO SWITCH cuentan con las carcasas m\u00e1s peque\u00f1as con homologaci\u00f3n\u00a0UL disponibles para ubicaciones peligrosas.<\/p>\n","protected":false},"featured_media":6007,"template":"","meta":[],"_links":{"self":[{"href":"https:\/\/fluogas.com\/index.php?rest_route=\/wp\/v2\/product\/98"}],"collection":[{"href":"https:\/\/fluogas.com\/index.php?rest_route=\/wp\/v2\/product"}],"about":[{"href":"https:\/\/fluogas.com\/index.php?rest_route=\/wp\/v2\/types\/product"}],"version-history":[{"count":0,"href":"https:\/\/fluogas.com\/index.php?rest_route=\/wp\/v2\/product\/98\/revisions"}],"wp:featuredmedia":[{"embeddable":true,"href":"https:\/\/fluogas.com\/index.php?rest_route=\/wp\/v2\/media\/6007"}],"wp:attachment":[{"href":"https:\/\/fluogas.com\/index.php?rest_route=%2Fwp%2Fv2%2Fmedia&parent=98"}],"curies":[{"name":"wp","href":"https:\/\/api.w.org\/{rel}","templated":true}]}}