{"id":96,"date":"2020-09-10T20:59:17","date_gmt":"2020-09-10T20:59:17","guid":{"rendered":"http:\/\/macher.ga\/fluogas\/?post_type=product&#038;p=96"},"modified":"2020-10-20T18:51:34","modified_gmt":"2020-10-20T18:51:34","slug":"serie-gsx","status":"publish","type":"product","link":"https:\/\/fluogas.com\/?product=serie-gsx","title":{"rendered":"Serie GSX"},"content":{"rendered":"<div id=\"showMoreText3\" class=\"honShowMore\">\n<p>Los interruptores de seguridad a prueba de explosiones Serie\u00a0GSX MICRO SWITCH son una combinaci\u00f3n del interruptor de seguridad global (GSS) MICRO SWITCH con nuestra carcasa superior a prueba de explosiones de nuestras l\u00edneas de productos LSX\u00a0y\u00a0BX. Les ofrecemos a nuestros clientes lo mejor de nuestro conocimiento de ingenier\u00eda.<\/p>\n<p>La caracter\u00edstica de corte positivo est\u00e1 dise\u00f1ada para brindar un modo seguro ante fallas que garantiza que la m\u00e1quina no arranque y, por lo tanto, crea un ambiente de trabajo m\u00e1s seguro. La plataforma de interruptores de seguridad Serie\u00a0GSX admite m\u00e1s de 10.000\u00a0combinaciones de actuador y conmutaci\u00f3n, lo cual permite a nuestros clientes obtener la mayor\u00eda de los requisitos de interruptores de seguridad y a prueba de explosiones de un \u00fanico proveedor global.<\/p>\n<\/div>\n","protected":false},"excerpt":{"rendered":"<div id=\"showMoreText3\" class=\"honShowMore\">\n<p>Los interruptores de seguridad a prueba de explosiones Serie\u00a0GSX MICRO SWITCH son una combinaci\u00f3n del interruptor de seguridad global (GSS) MICRO SWITCH con nuestra carcasa superior a prueba de explosiones de nuestras l\u00edneas de productos LSX y BX.<\/p>\n<\/div>\n","protected":false},"featured_media":6009,"template":"","meta":[],"_links":{"self":[{"href":"https:\/\/fluogas.com\/index.php?rest_route=\/wp\/v2\/product\/96"}],"collection":[{"href":"https:\/\/fluogas.com\/index.php?rest_route=\/wp\/v2\/product"}],"about":[{"href":"https:\/\/fluogas.com\/index.php?rest_route=\/wp\/v2\/types\/product"}],"version-history":[{"count":1,"href":"https:\/\/fluogas.com\/index.php?rest_route=\/wp\/v2\/product\/96\/revisions"}],"predecessor-version":[{"id":6013,"href":"https:\/\/fluogas.com\/index.php?rest_route=\/wp\/v2\/product\/96\/revisions\/6013"}],"wp:featuredmedia":[{"embeddable":true,"href":"https:\/\/fluogas.com\/index.php?rest_route=\/wp\/v2\/media\/6009"}],"wp:attachment":[{"href":"https:\/\/fluogas.com\/index.php?rest_route=%2Fwp%2Fv2%2Fmedia&parent=96"}],"curies":[{"name":"wp","href":"https:\/\/api.w.org\/{rel}","templated":true}]}}