{"id":90,"date":"2020-09-10T20:54:56","date_gmt":"2020-09-10T20:54:56","guid":{"rendered":"http:\/\/macher.ga\/fluogas\/?post_type=product&#038;p=90"},"modified":"2020-10-20T18:53:19","modified_gmt":"2020-10-20T18:53:19","slug":"serie-bx","status":"publish","type":"product","link":"https:\/\/fluogas.com\/?product=serie-bx","title":{"rendered":"Serie BX"},"content":{"rendered":"<div id=\"showMoreText3\" class=\"honShowMore\">\n<p>La Serie BX\/BX2 MICRO SWITCH est\u00e1 dise\u00f1ada para aplicaciones en ambientes peligrosos o explosivos que requieren interruptores duraderos y resistentes en casi cualquier parte del mundo. Para cumplir con los requisitos para interruptores a prueba de explosiones, la trayectoria de la llama dentro de la carcasa del interruptor est\u00e1 dise\u00f1ada para contener y enfriar los gases y vapores de escape calientes que puedan provocar una explosi\u00f3n fuera del interruptor.<\/p>\n<p>Independientemente de d\u00f3nde se dise\u00f1e, construya o instale el equipo o la maquinaria, los productos de las Series\u00a0BX y BX2 cuentan con cobertura de la agencia a nivel mundial. Honeywell ofrece dos versiones del interruptor de la Serie\u00a0BX: la Serie\u00a0BX est\u00e1ndar tiene una carcasa de aluminio, mientras que la Serie BX2 cuenta con una carcasa de acero inoxidable\u00a0316L. La carcasa de acero inoxidable a\u00f1ade mayor resistencia contra la corrosi\u00f3n en aplicaciones expuestas a agentes c\u00e1usticos hostiles, as\u00ed como tambi\u00e9n a aquellos que suelen estar presentes en plantas de procesamiento de qu\u00edmicos, sitios de trabajo en alta mar y cerca de la costa, y en otras \u00e1reas peligrosas. Ambos productos est\u00e1n sellados a prueba de factores clim\u00e1ticos para usar en exteriores y dise\u00f1ados para entornos de polvo\/gas explosivo. Todos los cabezales de operaci\u00f3n de las Series BX\/BX2 son ajustables en el campo en incrementos de 90\u00b0.<\/p>\n<\/div>\n","protected":false},"excerpt":{"rendered":"<p>La Serie BX\/BX2 MICRO SWITCH est\u00e1 dise\u00f1ada para aplicaciones en ambientes peligrosos o explosivos que requieren interruptores duraderos y resistentes en casi cualquier parte del mundo.<\/p>\n","protected":false},"featured_media":6012,"template":"","meta":[],"_links":{"self":[{"href":"https:\/\/fluogas.com\/index.php?rest_route=\/wp\/v2\/product\/90"}],"collection":[{"href":"https:\/\/fluogas.com\/index.php?rest_route=\/wp\/v2\/product"}],"about":[{"href":"https:\/\/fluogas.com\/index.php?rest_route=\/wp\/v2\/types\/product"}],"version-history":[{"count":0,"href":"https:\/\/fluogas.com\/index.php?rest_route=\/wp\/v2\/product\/90\/revisions"}],"wp:featuredmedia":[{"embeddable":true,"href":"https:\/\/fluogas.com\/index.php?rest_route=\/wp\/v2\/media\/6012"}],"wp:attachment":[{"href":"https:\/\/fluogas.com\/index.php?rest_route=%2Fwp%2Fv2%2Fmedia&parent=90"}],"curies":[{"name":"wp","href":"https:\/\/api.w.org\/{rel}","templated":true}]}}