{"id":87,"date":"2020-09-10T20:48:16","date_gmt":"2020-09-10T20:48:16","guid":{"rendered":"http:\/\/macher.ga\/fluogas\/?post_type=product&#038;p=87"},"modified":"2020-10-20T18:55:43","modified_gmt":"2020-10-20T18:55:43","slug":"serie-cdi","status":"publish","type":"product","link":"https:\/\/fluogas.com\/?product=serie-cdi","title":{"rendered":"Serie CDI"},"content":{"rendered":"<div id=\"showMoreText3\" class=\"honShowMore\">\n<p>Los interruptores de enclavamiento de puerta residencial Serie CDI Relialign\u2122 de Honeywell son dispositivos electromec\u00e1nicos dise\u00f1ados para el uso en aplicaciones de puertas vaiv\u00e9n, espec\u00edficamente montaplatos, montacargas, ascensores para aquellos con movilidad reducida y ascensores con puerta vaiv\u00e9n residenciales en los Estados\u00a0Unidos. En Canad\u00e1, la Serie CDI est\u00e1 dise\u00f1ada para el uso en aplicaciones de puertas vaiv\u00e9n, espec\u00edficamente montaplatos, montacargas y ascensores residenciales, pero no est\u00e1 dise\u00f1ada para el uso en ascensores para personas con movilidad reducida. El enclavamiento mantiene la puerta en su lugar y evita que se abra bajo condiciones inseguras (por ejemplo, el carro del ascensor no est\u00e1 presente tras la puerta).<\/p>\n<p>Los enclavamientos Serie\u00a0CDI pueden configurarse y est\u00e1n disponibles en versiones de mano izquierda y mano derecha, lo cual permite una instalaci\u00f3n simplificada, personalizaci\u00f3n y renovaci\u00f3n a dise\u00f1os actuales. Varias caracter\u00edsticas de dise\u00f1o del enclavamiento para ascensores contribuyen a mejorar la seguridad y reducir las paradas accidentales y las quejas de clientes, adem\u00e1s de brindar una instalaci\u00f3n y un cableado m\u00e1s sencillos.<\/p>\n<\/div>\n","protected":false},"excerpt":{"rendered":"<p>Los interruptores de enclavamiento de puerta residencial Serie CDI Relialign\u2122 de Honeywell son dispositivos electromec\u00e1nicos dise\u00f1ados para el uso en aplicaciones de puertas vaiv\u00e9n, espec\u00edficamente montaplatos, montacargas, ascensores para aquellos con movilidad reducida y ascensores con puerta vaiv\u00e9n residenciales en los Estados\u00a0Unidos.<\/p>\n","protected":false},"featured_media":6015,"template":"","meta":[],"_links":{"self":[{"href":"https:\/\/fluogas.com\/index.php?rest_route=\/wp\/v2\/product\/87"}],"collection":[{"href":"https:\/\/fluogas.com\/index.php?rest_route=\/wp\/v2\/product"}],"about":[{"href":"https:\/\/fluogas.com\/index.php?rest_route=\/wp\/v2\/types\/product"}],"version-history":[{"count":1,"href":"https:\/\/fluogas.com\/index.php?rest_route=\/wp\/v2\/product\/87\/revisions"}],"predecessor-version":[{"id":6017,"href":"https:\/\/fluogas.com\/index.php?rest_route=\/wp\/v2\/product\/87\/revisions\/6017"}],"wp:featuredmedia":[{"embeddable":true,"href":"https:\/\/fluogas.com\/index.php?rest_route=\/wp\/v2\/media\/6015"}],"wp:attachment":[{"href":"https:\/\/fluogas.com\/index.php?rest_route=%2Fwp%2Fv2%2Fmedia&parent=87"}],"curies":[{"name":"wp","href":"https:\/\/api.w.org\/{rel}","templated":true}]}}