{"id":85,"date":"2020-09-10T20:46:17","date_gmt":"2020-09-10T20:46:17","guid":{"rendered":"http:\/\/macher.ga\/fluogas\/?post_type=product&#038;p=85"},"modified":"2020-10-20T18:56:21","modified_gmt":"2020-10-20T18:56:21","slug":"serie-rdi","status":"publish","type":"product","link":"https:\/\/fluogas.com\/?product=serie-rdi","title":{"rendered":"Serie RDI"},"content":{"rendered":"<div id=\"showMoreText3\" class=\"honShowMore\">\n<p>Los interruptores de enclavamiento de puerta residencial Serie RDI Relialign\u2122 Honeywell son dispositivos electromec\u00e1nicos dise\u00f1ados para el uso en aplicaciones de puertas vaiv\u00e9n residenciales, espec\u00edficamente montaplatos, ascensores para aquellos con movilidad reducida y ascensores con puerta vaiv\u00e9n en los Estados\u00a0Unidos. En Canad\u00e1, el RDI est\u00e1 dise\u00f1ado para el uso en aplicaciones de puertas vaiv\u00e9n residenciales, espec\u00edficamente ascensores y montaplatos, pero no est\u00e1 dise\u00f1ado para el uso en ascensores para personas con movilidad reducida. El enclavamiento mantiene la puerta en su lugar y evita que se abra bajo condiciones inseguras (por ejemplo, el carro del ascensor no est\u00e1 presente tras la puerta).<\/p>\n<p>Varias caracter\u00edsticas de dise\u00f1o contribuyen a mejorar la seguridad y reducir las paradas accidentales y las quejas de clientes, adem\u00e1s de brindar una instalaci\u00f3n y un cableado m\u00e1s sencillos. Con un control interno de solenoide personalizado, la Serie RDI puede disminuir la complejidad del controlador principal, reducir el consumo de energ\u00eda para lograr un producto m\u00e1s ecol\u00f3gico, extender la vida del solenoide y minimizar los tiempos de inactividad del solenoide, lo cual reduce las molestias para el cliente.<\/p>\n<p>Se usan dos interruptores MICRO SWITCH\u2122 Honeywell para indicar el cierre de puertas, proporcionando un nivel adicional de confiabilidad.<\/p>\n<\/div>\n","protected":false},"excerpt":{"rendered":"<p>Los interruptores de enclavamiento de puerta residencial Serie RDI Relialign\u2122 Honeywell son dispositivos electromec\u00e1nicos dise\u00f1ados para el uso en aplicaciones de puertas vaiv\u00e9n residenciales, espec\u00edficamente montaplatos, ascensores para aquellos con movilidad reducida y ascensores con puerta vaiv\u00e9n en los Estados\u00a0Unidos.<\/p>\n","protected":false},"featured_media":6016,"template":"","meta":[],"_links":{"self":[{"href":"https:\/\/fluogas.com\/index.php?rest_route=\/wp\/v2\/product\/85"}],"collection":[{"href":"https:\/\/fluogas.com\/index.php?rest_route=\/wp\/v2\/product"}],"about":[{"href":"https:\/\/fluogas.com\/index.php?rest_route=\/wp\/v2\/types\/product"}],"version-history":[{"count":0,"href":"https:\/\/fluogas.com\/index.php?rest_route=\/wp\/v2\/product\/85\/revisions"}],"wp:featuredmedia":[{"embeddable":true,"href":"https:\/\/fluogas.com\/index.php?rest_route=\/wp\/v2\/media\/6016"}],"wp:attachment":[{"href":"https:\/\/fluogas.com\/index.php?rest_route=%2Fwp%2Fv2%2Fmedia&parent=85"}],"curies":[{"name":"wp","href":"https:\/\/api.w.org\/{rel}","templated":true}]}}