{"id":71,"date":"2020-09-10T20:27:26","date_gmt":"2020-09-10T20:27:26","guid":{"rendered":"http:\/\/macher.ga\/fluogas\/?post_type=product&#038;p=71"},"modified":"2020-10-20T19:04:50","modified_gmt":"2020-10-20T19:04:50","slug":"serie-sl1","status":"publish","type":"product","link":"https:\/\/fluogas.com\/?product=serie-sl1","title":{"rendered":"Serie SL1"},"content":{"rendered":"<p>Los interruptores l\u00edmite de carrera compactos Serie SL1 MICRO SWITCH est\u00e1n sellados, son sensibles y tienen larga vida \u00fatil. Gracias a su tama\u00f1o compacto, son convenientes para la miniaturizaci\u00f3n total de maquinaria o equipos. Las versiones est\u00e1n disponibles con: contactos de punto de cruce recubiertos en oro, precableados, indicaciones de l\u00e1mpara, sellados de goma con \u00e9mbolos con rodillos y una variedad de posibilidades de accionamiento.<\/p>\n","protected":false},"excerpt":{"rendered":"<p>Los interruptores l\u00edmite de carrera compactos Serie SL1 MICRO SWITCH est\u00e1n sellados, son sensibles y tienen larga vida \u00fatil.<\/p>\n","protected":false},"featured_media":6024,"template":"","meta":[],"_links":{"self":[{"href":"https:\/\/fluogas.com\/index.php?rest_route=\/wp\/v2\/product\/71"}],"collection":[{"href":"https:\/\/fluogas.com\/index.php?rest_route=\/wp\/v2\/product"}],"about":[{"href":"https:\/\/fluogas.com\/index.php?rest_route=\/wp\/v2\/types\/product"}],"version-history":[{"count":1,"href":"https:\/\/fluogas.com\/index.php?rest_route=\/wp\/v2\/product\/71\/revisions"}],"predecessor-version":[{"id":6030,"href":"https:\/\/fluogas.com\/index.php?rest_route=\/wp\/v2\/product\/71\/revisions\/6030"}],"wp:featuredmedia":[{"embeddable":true,"href":"https:\/\/fluogas.com\/index.php?rest_route=\/wp\/v2\/media\/6024"}],"wp:attachment":[{"href":"https:\/\/fluogas.com\/index.php?rest_route=%2Fwp%2Fv2%2Fmedia&parent=71"}],"curies":[{"name":"wp","href":"https:\/\/api.w.org\/{rel}","templated":true}]}}