{"id":69,"date":"2020-09-10T20:26:05","date_gmt":"2020-09-10T20:26:05","guid":{"rendered":"http:\/\/macher.ga\/fluogas\/?post_type=product&#038;p=69"},"modified":"2020-10-20T19:05:20","modified_gmt":"2020-10-20T19:05:20","slug":"serie-ssce","status":"publish","type":"product","link":"https:\/\/fluogas.com\/?product=serie-ssce","title":{"rendered":"Serie SSCE"},"content":{"rendered":"<p>El interruptor l\u00edmite de carrera en miniatura supersellado Serie SSCE MICRO SWITCH ha sido dise\u00f1ado para brindar confiabilidad en los ambientes m\u00e1s hostiles. Su dise\u00f1o resistente, con caracter\u00edsticas contra la corrosi\u00f3n, cable de poliuretano flexible y supersellado, le permiten funcionar completamente sumergido en una variedad de fluidos. Su tama\u00f1o peque\u00f1o le permite trabajar en espacios reducidos. La variedad de actuadores brinda flexibilidad de aplicaci\u00f3n.<\/p>\n","protected":false},"excerpt":{"rendered":"<p>El interruptor l\u00edmite de carrera en miniatura supersellado Serie SSCE MICRO SWITCH ha sido dise\u00f1ado para brindar confiabilidad en los ambientes m\u00e1s hostiles.<\/p>\n","protected":false},"featured_media":6025,"template":"","meta":[],"_links":{"self":[{"href":"https:\/\/fluogas.com\/index.php?rest_route=\/wp\/v2\/product\/69"}],"collection":[{"href":"https:\/\/fluogas.com\/index.php?rest_route=\/wp\/v2\/product"}],"about":[{"href":"https:\/\/fluogas.com\/index.php?rest_route=\/wp\/v2\/types\/product"}],"version-history":[{"count":0,"href":"https:\/\/fluogas.com\/index.php?rest_route=\/wp\/v2\/product\/69\/revisions"}],"wp:featuredmedia":[{"embeddable":true,"href":"https:\/\/fluogas.com\/index.php?rest_route=\/wp\/v2\/media\/6025"}],"wp:attachment":[{"href":"https:\/\/fluogas.com\/index.php?rest_route=%2Fwp%2Fv2%2Fmedia&parent=69"}],"curies":[{"name":"wp","href":"https:\/\/api.w.org\/{rel}","templated":true}]}}