{"id":67,"date":"2020-09-10T20:24:31","date_gmt":"2020-09-10T20:24:31","guid":{"rendered":"http:\/\/macher.ga\/fluogas\/?post_type=product&#038;p=67"},"modified":"2020-10-20T19:05:45","modified_gmt":"2020-10-20T19:05:45","slug":"serie-szl-vl-s","status":"publish","type":"product","link":"https:\/\/fluogas.com\/?product=serie-szl-vl-s","title":{"rendered":"Serie SZL-VL-S"},"content":{"rendered":"<div id=\"showMoreText3\" class=\"honShowMore\">\n<p>El interruptor l\u00edmite de carrera miniatura de la Serie SZL-VL-S est\u00e1 dise\u00f1ado para utilizarse en aplicaciones con espacio limitado para el montaje. Con una calificaci\u00f3n de sello de IP67, estos interruptores son adecuados para maquinarias del OEM (fabricantes de equipos originales) que requieran un interruptor l\u00edmite de carrera resistente y confiable que se pueda montar en aplicaciones con espacio restringido. Su dise\u00f1o mejora la facilidad de cableado con un amplio espacio de cableado y tiene un prensacables opcional para obtener una terminaci\u00f3n de cableado m\u00e1s r\u00e1pida y eficiente.<\/p>\n<p>Los interruptores de la serie SZL-VL-S cuentan con un dise\u00f1o de carcasa dividida hecho de un cuerpo de fundici\u00f3n y cabeza con cubierta termopl\u00e1stica, pirorretardante y rellena de vidrio. La cubierta es extra\u00edble para un f\u00e1cil acceso y facilidad de instalaci\u00f3n. El dise\u00f1o cabezal del actuador modular permite configuraciones para satisfacer una variedad de necesidades de aplicaciones. El SZL-VL-S est\u00e1 disponible en todo el mundo y tiene certificaciones para aplicaciones en todo el mundo.<\/p>\n<\/div>\n","protected":false},"excerpt":{"rendered":"<p>El interruptor l\u00edmite de carrera miniatura de la Serie SZL-VL-S est\u00e1 dise\u00f1ado para utilizarse en aplicaciones con espacio limitado para el montaje.<\/p>\n","protected":false},"featured_media":6026,"template":"","meta":[],"_links":{"self":[{"href":"https:\/\/fluogas.com\/index.php?rest_route=\/wp\/v2\/product\/67"}],"collection":[{"href":"https:\/\/fluogas.com\/index.php?rest_route=\/wp\/v2\/product"}],"about":[{"href":"https:\/\/fluogas.com\/index.php?rest_route=\/wp\/v2\/types\/product"}],"version-history":[{"count":0,"href":"https:\/\/fluogas.com\/index.php?rest_route=\/wp\/v2\/product\/67\/revisions"}],"wp:featuredmedia":[{"embeddable":true,"href":"https:\/\/fluogas.com\/index.php?rest_route=\/wp\/v2\/media\/6026"}],"wp:attachment":[{"href":"https:\/\/fluogas.com\/index.php?rest_route=%2Fwp%2Fv2%2Fmedia&parent=67"}],"curies":[{"name":"wp","href":"https:\/\/api.w.org\/{rel}","templated":true}]}}