{"id":65,"date":"2020-09-10T20:22:48","date_gmt":"2020-09-10T20:22:48","guid":{"rendered":"http:\/\/macher.ga\/fluogas\/?post_type=product&#038;p=65"},"modified":"2020-10-20T19:06:29","modified_gmt":"2020-10-20T19:06:29","slug":"serie-14ce-2","status":"publish","type":"product","link":"https:\/\/fluogas.com\/?product=serie-14ce-2","title":{"rendered":"Serie 14CE"},"content":{"rendered":"<div id=\"showMoreText3\" class=\"honShowMore\">\n<p>Para su uso en Am\u00e9rica del Norte, los interruptores en cajas miniatura Serie MICRO SWITCH914CE incorporan un sellado de diafragma con fluorocarbono para brindar protecci\u00f3n confiable y cumplen con los requisitos de NEMA 1, 2, 3, 3R, 4, 6, 6P y 13, as\u00ed como con los de IP66, IP67 y IP68. Las versiones con sellado de goma tambi\u00e9n cumplen con los requisitos de NEMA 12 (polvo, tierra que cae, medio l\u00edquido con contaminantes s\u00f3lidos). Los terminales del cable o conector y del interruptor b\u00e1sico est\u00e1n encapsulados en un sellador ep\u00f3xico que ofrece excelente resistencia en ambientes hostiles. Para aplicaciones a baja temperatura (hasta -40\u00a0\u00b0C [-40\u00a0\u00b0F]), los interruptores de la Serie\u00a0CE pueden suministrarse con sellos y lubricantes para bajas temperaturas.<\/p>\n<p>Los interruptores Serie CE son resistentes y vers\u00e1tiles, y pueden utilizarse en interiores en varias aplicaciones hostiles de pisos de f\u00e1bricas, as\u00ed como en equipos para exteriores a temperaturas extremas. Se proporciona una gama completa de actuadores, incluidos de bot\u00f3n plano, con \u00e9mbolo con rodillo, lateral giratorio, con alambre multidireccional y operado manualmente. Los interruptores tambi\u00e9n est\u00e1n disponibles con el conector Micro-Change de 4\u00a0pines M12 est\u00e1ndar de la industria. Los productos 914CE MICRO SWITCH cumplen con los est\u00e1ndares de Am\u00e9rica del Norte y cURus, as\u00ed como con los requisitos de marcado CE de conformidad con la Comisi\u00f3n Europea.<\/p>\n<\/div>\n","protected":false},"excerpt":{"rendered":"<p>Para su uso en Am\u00e9rica del Norte, los interruptores en cajas miniatura Serie MICRO SWITCH914CE incorporan un sellado de diafragma con fluorocarbono para brindar protecci\u00f3n confiable y cumplen con los requisitos de NEMA 1, 2, 3, 3R, 4, 6, 6P y 13, as\u00ed como con los de IP66, IP67 y IP68.<\/p>\n","protected":false},"featured_media":6028,"template":"","meta":[],"_links":{"self":[{"href":"https:\/\/fluogas.com\/index.php?rest_route=\/wp\/v2\/product\/65"}],"collection":[{"href":"https:\/\/fluogas.com\/index.php?rest_route=\/wp\/v2\/product"}],"about":[{"href":"https:\/\/fluogas.com\/index.php?rest_route=\/wp\/v2\/types\/product"}],"version-history":[{"count":0,"href":"https:\/\/fluogas.com\/index.php?rest_route=\/wp\/v2\/product\/65\/revisions"}],"wp:featuredmedia":[{"embeddable":true,"href":"https:\/\/fluogas.com\/index.php?rest_route=\/wp\/v2\/media\/6028"}],"wp:attachment":[{"href":"https:\/\/fluogas.com\/index.php?rest_route=%2Fwp%2Fv2%2Fmedia&parent=65"}],"curies":[{"name":"wp","href":"https:\/\/api.w.org\/{rel}","templated":true}]}}