{"id":6246,"date":"2020-10-21T15:45:51","date_gmt":"2020-10-21T15:45:51","guid":{"rendered":"http:\/\/macher.perberos.me\/fluogas\/?post_type=product&#038;p=6246"},"modified":"2020-10-21T15:45:51","modified_gmt":"2020-10-21T15:45:51","slug":"v4055b1088-220v","status":"publish","type":"product","link":"https:\/\/fluogas.com\/?product=v4055b1088-220v","title":{"rendered":"V4055B1088 &#8211; 220V"},"content":{"rendered":"<p>Util\u00edcelo en combinaci\u00f3n con las v\u00e1lvulas de gas V5055 o V5097 para controlar el suministro de gas a los quemadores comerciales e industriales. Proporcione el servicio de cierre de seguridad final cuando se use con V5055 o V5097 Gas Valves.<\/p>\n","protected":false},"excerpt":{"rendered":"<p>Util\u00edcelo en combinaci\u00f3n con las v\u00e1lvulas de gas V5055 o &hellip;<\/p>\n","protected":false},"featured_media":6247,"template":"","meta":[],"_links":{"self":[{"href":"https:\/\/fluogas.com\/index.php?rest_route=\/wp\/v2\/product\/6246"}],"collection":[{"href":"https:\/\/fluogas.com\/index.php?rest_route=\/wp\/v2\/product"}],"about":[{"href":"https:\/\/fluogas.com\/index.php?rest_route=\/wp\/v2\/types\/product"}],"version-history":[{"count":0,"href":"https:\/\/fluogas.com\/index.php?rest_route=\/wp\/v2\/product\/6246\/revisions"}],"wp:featuredmedia":[{"embeddable":true,"href":"https:\/\/fluogas.com\/index.php?rest_route=\/wp\/v2\/media\/6247"}],"wp:attachment":[{"href":"https:\/\/fluogas.com\/index.php?rest_route=%2Fwp%2Fv2%2Fmedia&parent=6246"}],"curies":[{"name":"wp","href":"https:\/\/api.w.org\/{rel}","templated":true}]}}