{"id":6234,"date":"2020-10-21T15:24:17","date_gmt":"2020-10-21T15:24:17","guid":{"rendered":"http:\/\/macher.perberos.me\/fluogas\/?post_type=product&#038;p=6234"},"modified":"2020-10-21T15:24:17","modified_gmt":"2020-10-21T15:24:17","slug":"vs2ex-20700049","status":"publish","type":"product","link":"https:\/\/fluogas.com\/?product=vs2ex-20700049","title":{"rendered":"VS2EX (20700049)"},"content":{"rendered":"<div class=\"celular overview\">\n<div class=\"cuerpo\">\n<div class=\"descripcion\">\n<p class=\"ng-binding\">Los conmutadores de la serie VS2 son mecanismos sensibles a choque para el apagado de motor o el equipo motor accionado el\u00e9ctrica. Est\u00e1 dise\u00f1ado para detectar choque \/ vibraci\u00f3n en tres planos de movimiento. Estos interruptores completamente ajustables utilizan un cierre magn\u00e9tico para garantizar un funcionamiento fiable. EX modelos a prueba de explosi\u00f3n para \u00e1reas peligrosas est\u00e1n disponibles. Ideal para su uso en motores, bombas, compresores, intercambiadores de calor y unidades de bombeo, la Serie VS2 se puede utilizar cuando se desea la protecci\u00f3n de apagado de da\u00f1ar choque \/ vibraci\u00f3n. Los switches son ajustables en el campo de la sensibilidad requerida en cada aplicaci\u00f3n.<\/p>\n<\/div>\n<\/div>\n<\/div>\n<div class=\"celular fotos\">\n<div class=\"boton\"><\/div>\n<div class=\"cuerpo\">\n<div class=\"arrow arrow-left\"><\/div>\n<\/div>\n<\/div>\n","protected":false},"excerpt":{"rendered":"<p>Los conmutadores de la serie VS2 son mecanismos sensibles a &hellip;<\/p>\n","protected":false},"featured_media":6235,"template":"","meta":[],"_links":{"self":[{"href":"https:\/\/fluogas.com\/index.php?rest_route=\/wp\/v2\/product\/6234"}],"collection":[{"href":"https:\/\/fluogas.com\/index.php?rest_route=\/wp\/v2\/product"}],"about":[{"href":"https:\/\/fluogas.com\/index.php?rest_route=\/wp\/v2\/types\/product"}],"version-history":[{"count":0,"href":"https:\/\/fluogas.com\/index.php?rest_route=\/wp\/v2\/product\/6234\/revisions"}],"wp:featuredmedia":[{"embeddable":true,"href":"https:\/\/fluogas.com\/index.php?rest_route=\/wp\/v2\/media\/6235"}],"wp:attachment":[{"href":"https:\/\/fluogas.com\/index.php?rest_route=%2Fwp%2Fv2%2Fmedia&parent=6234"}],"curies":[{"name":"wp","href":"https:\/\/api.w.org\/{rel}","templated":true}]}}