{"id":6200,"date":"2020-10-21T14:29:42","date_gmt":"2020-10-21T14:29:42","guid":{"rendered":"http:\/\/macher.perberos.me\/fluogas\/?post_type=product&#038;p=6200"},"modified":"2020-10-21T14:29:42","modified_gmt":"2020-10-21T14:29:42","slug":"t4-termostato-nema-4","status":"publish","type":"product","link":"https:\/\/fluogas.com\/?product=t4-termostato-nema-4","title":{"rendered":"T4 &#8211; TERMOSTATO NEMA 4"},"content":{"rendered":"<div class=\"celular overview\">\n<div class=\"cuerpo\">\n<div class=\"descripcion\">\n<p class=\"ng-binding\">Alarma o control \u201con-off\u201d actuado por temperatura para procesos qu\u00edmicos, petroqu\u00edmicos, alimenticios, usinas generadoras de energ\u00eda, equipos industriales e industrias en general.<\/p>\n<\/div>\n<\/div>\n<\/div>\n<div class=\"celular fotos\">\n<div class=\"boton\"><\/div>\n<div class=\"cuerpo\">\n<div class=\"arrow arrow-left\"><\/div>\n<\/div>\n<\/div>\n","protected":false},"excerpt":{"rendered":"<p>Alarma o control \u201con-off\u201d actuado por temperatura para procesos qu\u00edmicos, &hellip;<\/p>\n","protected":false},"featured_media":6201,"template":"","meta":[],"_links":{"self":[{"href":"https:\/\/fluogas.com\/index.php?rest_route=\/wp\/v2\/product\/6200"}],"collection":[{"href":"https:\/\/fluogas.com\/index.php?rest_route=\/wp\/v2\/product"}],"about":[{"href":"https:\/\/fluogas.com\/index.php?rest_route=\/wp\/v2\/types\/product"}],"version-history":[{"count":0,"href":"https:\/\/fluogas.com\/index.php?rest_route=\/wp\/v2\/product\/6200\/revisions"}],"wp:featuredmedia":[{"embeddable":true,"href":"https:\/\/fluogas.com\/index.php?rest_route=\/wp\/v2\/media\/6201"}],"wp:attachment":[{"href":"https:\/\/fluogas.com\/index.php?rest_route=%2Fwp%2Fv2%2Fmedia&parent=6200"}],"curies":[{"name":"wp","href":"https:\/\/api.w.org\/{rel}","templated":true}]}}