{"id":6155,"date":"2020-10-21T01:11:46","date_gmt":"2020-10-21T01:11:46","guid":{"rendered":"http:\/\/macher.perberos.me\/fluogas\/?post_type=product&#038;p=6155"},"modified":"2020-10-21T01:11:46","modified_gmt":"2020-10-21T01:11:46","slug":"11ts15-3","status":"publish","type":"product","link":"https:\/\/fluogas.com\/?product=11ts15-3","title":{"rendered":"11TS15-3"},"content":{"rendered":"<p><span class=\"product-description-text\">Interruptor manual Serie TS MICRO SWITCH, 1 polo, 2 posiciones, Terminales con tornillos, Palanca est\u00e1ndar.<\/span><br \/>\nLos interruptores manuales Serie\u00a0TS MICRO SWITCH se pueden usar en cualquier lugar en que se desee tener operaci\u00f3n manual. Son una soluci\u00f3n b\u00e1sica para las aplicaciones que no requieren un interruptor manual sellado. Tambi\u00e9n se pueden proveer circuitos especiales on-on-on. Los interruptores Serie\u00a0TS ofrecen una amplia disponibilidad de circuitos y acci\u00f3n, entre ellas, opciones de 2\u00a0o\u00a03\u00a0posiciones, acciones moment\u00e1neas y sostenidas, y circuitos unipolares y bipolares. Los interruptores est\u00e1n disponibles con estilos de terminaciones de soldadura, tornillo o conexi\u00f3n r\u00e1pida.<\/p>\n","protected":false},"excerpt":{"rendered":"<p>Interruptor manual Serie TS MICRO SWITCH, 1 polo, 2 posiciones, &hellip;<\/p>\n","protected":false},"featured_media":6161,"template":"","meta":[],"_links":{"self":[{"href":"https:\/\/fluogas.com\/index.php?rest_route=\/wp\/v2\/product\/6155"}],"collection":[{"href":"https:\/\/fluogas.com\/index.php?rest_route=\/wp\/v2\/product"}],"about":[{"href":"https:\/\/fluogas.com\/index.php?rest_route=\/wp\/v2\/types\/product"}],"version-history":[{"count":1,"href":"https:\/\/fluogas.com\/index.php?rest_route=\/wp\/v2\/product\/6155\/revisions"}],"predecessor-version":[{"id":6162,"href":"https:\/\/fluogas.com\/index.php?rest_route=\/wp\/v2\/product\/6155\/revisions\/6162"}],"wp:featuredmedia":[{"embeddable":true,"href":"https:\/\/fluogas.com\/index.php?rest_route=\/wp\/v2\/media\/6161"}],"wp:attachment":[{"href":"https:\/\/fluogas.com\/index.php?rest_route=%2Fwp%2Fv2%2Fmedia&parent=6155"}],"curies":[{"name":"wp","href":"https:\/\/api.w.org\/{rel}","templated":true}]}}