{"id":6121,"date":"2020-10-21T00:44:33","date_gmt":"2020-10-21T00:44:33","guid":{"rendered":"http:\/\/macher.perberos.me\/fluogas\/?post_type=product&#038;p=6121"},"modified":"2020-10-21T00:44:34","modified_gmt":"2020-10-21T00:44:34","slug":"111tw1-1","status":"publish","type":"product","link":"https:\/\/fluogas.com\/?product=111tw1-1","title":{"rendered":"111TW1-1"},"content":{"rendered":"<p><span class=\"product-description-text\">Interruptor manual Serie TW MICRO SWITCH, 1 polo, 3 posiciones, Terminal IWTS, Palanca est\u00e1ndar.<\/span><br \/>\nLos interruptores manuales Serie\u00a0TW MICRO SWITCH tienen calificaci\u00f3n militar seg\u00fan las especificaciones de MIL-83731 para interruptores manuales sellados y no sellados. Las caracter\u00edsticas de la construcci\u00f3n de calidad incluyen un sello adherido disponible entre la palanca manual y el manguito para aquellas aplicaciones en las que no se puede tolerar una falla relacionada con el sello. El dise\u00f1o duradero del interruptor manual Serie\u00a0TW es ideal para numerosas aplicaciones militares, aeroespaciales y otras aplicaciones exigentes donde el espacio detr\u00e1s del panel es limitado. Los interruptores manuales\u00a0TW tienen un dise\u00f1o miniatura de grado militar con capacidades de sellado a prueba de factores ambientales y pueden configurarse con una amplia selecci\u00f3n de circuitos, terminaciones el\u00e9ctricas, dise\u00f1os de palanca y manguito y opciones de material de contacto para satisfacer diferentes aplicaciones.<\/p>\n","protected":false},"excerpt":{"rendered":"<p>Interruptor manual Serie TW MICRO SWITCH, 1 polo, 3 posiciones, &hellip;<\/p>\n","protected":false},"featured_media":6122,"template":"","meta":[],"_links":{"self":[{"href":"https:\/\/fluogas.com\/index.php?rest_route=\/wp\/v2\/product\/6121"}],"collection":[{"href":"https:\/\/fluogas.com\/index.php?rest_route=\/wp\/v2\/product"}],"about":[{"href":"https:\/\/fluogas.com\/index.php?rest_route=\/wp\/v2\/types\/product"}],"version-history":[{"count":0,"href":"https:\/\/fluogas.com\/index.php?rest_route=\/wp\/v2\/product\/6121\/revisions"}],"wp:featuredmedia":[{"embeddable":true,"href":"https:\/\/fluogas.com\/index.php?rest_route=\/wp\/v2\/media\/6122"}],"wp:attachment":[{"href":"https:\/\/fluogas.com\/index.php?rest_route=%2Fwp%2Fv2%2Fmedia&parent=6121"}],"curies":[{"name":"wp","href":"https:\/\/api.w.org\/{rel}","templated":true}]}}