{"id":6091,"date":"2020-10-20T20:55:59","date_gmt":"2020-10-20T20:55:59","guid":{"rendered":"http:\/\/macher.ga\/fluogas\/?post_type=product&#038;p=6091"},"modified":"2020-10-20T20:56:00","modified_gmt":"2020-10-20T20:56:00","slug":"101tl1-2d","status":"publish","type":"product","link":"https:\/\/fluogas.com\/?product=101tl1-2d","title":{"rendered":"101TL1-2D"},"content":{"rendered":"<p><span class=\"product-description-text\">Interruptor manual Serie TL MICRO SWITCH, 1 polo, 2 posiciones, terminal IWTS (calibre 14-16), Palanca con bloqueo, N\u00famero de pieza militar MS27781-22D.<\/span><br \/>\nLos interruptores manuales Serie\u00a0TL MICRO SWITCH tienen calificaci\u00f3n militar seg\u00fan las especificaciones de MIL-DTL-3950 para interruptores manuales sellados. Las caracter\u00edsticas de construcci\u00f3n de alta calidad incluyen un sello adherido entre la palanca y el manguito, y entre la cubierta y la caja. El dise\u00f1o robusto del interruptor manual Serie\u00a0TL es ideal para numerosas aplicaciones militares, aeroespaciales y otras aplicaciones exigentes donde la fiabilidad es fundamental. Estas aplicaciones incluyen los ambientes donde los paneles est\u00e1n sujetos a golpes mec\u00e1nicos, vibraci\u00f3n y temperaturas extremos, adem\u00e1s de ambientes con polvo, salpicaduras o chorros de manguera. Los interruptores manuales Serie\u00a0TL ofrecen diferentes opciones de circuitos y polos. La larga historia de aplicaciones militares y aeroespaciales demuestra que la Serie\u00a0TL brinda un rendimiento confiable y una vida \u00fatil prolongada en las condiciones m\u00e1s dif\u00edciles.<\/p>\n","protected":false},"excerpt":{"rendered":"<p>Interruptor manual Serie TL MICRO SWITCH, 1 polo, 2 posiciones, &hellip;<\/p>\n","protected":false},"featured_media":6093,"template":"","meta":[],"_links":{"self":[{"href":"https:\/\/fluogas.com\/index.php?rest_route=\/wp\/v2\/product\/6091"}],"collection":[{"href":"https:\/\/fluogas.com\/index.php?rest_route=\/wp\/v2\/product"}],"about":[{"href":"https:\/\/fluogas.com\/index.php?rest_route=\/wp\/v2\/types\/product"}],"version-history":[{"count":0,"href":"https:\/\/fluogas.com\/index.php?rest_route=\/wp\/v2\/product\/6091\/revisions"}],"wp:featuredmedia":[{"embeddable":true,"href":"https:\/\/fluogas.com\/index.php?rest_route=\/wp\/v2\/media\/6093"}],"wp:attachment":[{"href":"https:\/\/fluogas.com\/index.php?rest_route=%2Fwp%2Fv2%2Fmedia&parent=6091"}],"curies":[{"name":"wp","href":"https:\/\/api.w.org\/{rel}","templated":true}]}}