{"id":6079,"date":"2020-10-20T20:32:36","date_gmt":"2020-10-20T20:32:36","guid":{"rendered":"http:\/\/macher.ga\/fluogas\/?post_type=product&#038;p=6079"},"modified":"2020-10-20T20:32:36","modified_gmt":"2020-10-20T20:32:36","slug":"11at23","status":"publish","type":"product","link":"https:\/\/fluogas.com\/?product=11at23","title":{"rendered":"11AT23"},"content":{"rendered":"<p><span class=\"product-description-text\">Interruptor manual Serie AT MICRO SWITCH, 2 polos, 2 posiciones, Terminales con tornillos, Palanca est\u00e1ndar.<\/span><br \/>\nLos interruptores manuales Serie AT\u00a0MICRO SWITCH ofrecen un interruptor manual compacto de polos m\u00faltiples que est\u00e1 disponible con un dise\u00f1o de 1,\u00a02,\u00a03,\u00a04,\u00a06,\u00a08 o 10\u00a0polos para adaptarse a una amplia gama de aplicaciones, y cuenta con una palanca manual de metal, un manguito de metal y una carcasa de metal para brindar durabilidad. Algunos interruptores Serie AT est\u00e1n calificados seg\u00fan las especificaciones de MIL-PRF-8805 para aplicaciones militares. Las opciones para la Serie AT incluyen sellos de panel y sellos de palanca a manguito. Estas opciones mejoran el rendimiento del producto cuando podr\u00eda haber ambientes de polvo o agua rociada presentes en la aplicaci\u00f3n. Los montajes de los interruptores manuales AT\u00a0MICRO SWITCH est\u00e1n disponibles con polos individuales (interruptores b\u00e1sicos) con certificaci\u00f3n UL, CSA y CE.<\/p>\n","protected":false},"excerpt":{"rendered":"<p>Interruptor manual Serie AT MICRO SWITCH, 2 polos, 2 posiciones, &hellip;<\/p>\n","protected":false},"featured_media":6085,"template":"","meta":[],"_links":{"self":[{"href":"https:\/\/fluogas.com\/index.php?rest_route=\/wp\/v2\/product\/6079"}],"collection":[{"href":"https:\/\/fluogas.com\/index.php?rest_route=\/wp\/v2\/product"}],"about":[{"href":"https:\/\/fluogas.com\/index.php?rest_route=\/wp\/v2\/types\/product"}],"version-history":[{"count":0,"href":"https:\/\/fluogas.com\/index.php?rest_route=\/wp\/v2\/product\/6079\/revisions"}],"wp:featuredmedia":[{"embeddable":true,"href":"https:\/\/fluogas.com\/index.php?rest_route=\/wp\/v2\/media\/6085"}],"wp:attachment":[{"href":"https:\/\/fluogas.com\/index.php?rest_route=%2Fwp%2Fv2%2Fmedia&parent=6079"}],"curies":[{"name":"wp","href":"https:\/\/api.w.org\/{rel}","templated":true}]}}