{"id":6058,"date":"2020-10-20T19:51:04","date_gmt":"2020-10-20T19:51:04","guid":{"rendered":"http:\/\/macher.ga\/fluogas\/?post_type=product&#038;p=6058"},"modified":"2020-10-20T19:51:04","modified_gmt":"2020-10-20T19:51:04","slug":"1mt1-3","status":"publish","type":"product","link":"https:\/\/fluogas.com\/?product=1mt1-3","title":{"rendered":"1MT1-3"},"content":{"rendered":"<p><span class=\"product-description-text\">Interruptor manual miniatura Serie MT MICRO SWITCH, 1 polo, 2 posiciones, Terminales para soldar, Contactos de plata, SPDT, Palanca est\u00e1ndar.<\/span><br \/>\nLos interruptores manuales miniatura Serie\u00a0MT MICRO SWITCH de Honeywell est\u00e1n dise\u00f1ados para satisfacer las necesidades de un interruptor manual resistente y econ\u00f3mico. Las caracter\u00edsticas de la construcci\u00f3n de calidad incluyen un sellado entre la palanca manual y el manguito, y entre la cubierta y la estructura. Estos interruptores est\u00e1n dise\u00f1ados para usar en aplicaciones en muchos ambientes demandantes al aire libre, donde los paneles est\u00e1n sujetos a vibraciones de los equipos, temperaturas extremas, polvo, salpicaduras de agua y\/o chorros de mangueras. Adem\u00e1s, resisten la exposici\u00f3n a la acumulaci\u00f3n de roc\u00edo de la ma\u00f1ana que puede condensarse en el panel de control en las cabinas de veh\u00edculos que quedan a la intemperie durante la noche. Los interruptores manuales MT con palancas de metal o de pl\u00e1stico son ideales para la operaci\u00f3n con guantes. La caracter\u00edstica de separaci\u00f3n del panel con junta o-ring disponible en algunos listados elimina la necesidad de equipos detr\u00e1s del panel, ofrece una altura del panel uniforme y un sellado de cubierta.<\/p>\n","protected":false},"excerpt":{"rendered":"<p>Interruptor manual miniatura Serie MT MICRO SWITCH, 1 polo, 2 &hellip;<\/p>\n","protected":false},"featured_media":5970,"template":"","meta":[],"_links":{"self":[{"href":"https:\/\/fluogas.com\/index.php?rest_route=\/wp\/v2\/product\/6058"}],"collection":[{"href":"https:\/\/fluogas.com\/index.php?rest_route=\/wp\/v2\/product"}],"about":[{"href":"https:\/\/fluogas.com\/index.php?rest_route=\/wp\/v2\/types\/product"}],"version-history":[{"count":0,"href":"https:\/\/fluogas.com\/index.php?rest_route=\/wp\/v2\/product\/6058\/revisions"}],"wp:featuredmedia":[{"embeddable":true,"href":"https:\/\/fluogas.com\/index.php?rest_route=\/wp\/v2\/media\/5970"}],"wp:attachment":[{"href":"https:\/\/fluogas.com\/index.php?rest_route=%2Fwp%2Fv2%2Fmedia&parent=6058"}],"curies":[{"name":"wp","href":"https:\/\/api.w.org\/{rel}","templated":true}]}}