{"id":5642,"date":"2020-10-19T20:55:01","date_gmt":"2020-10-19T20:55:01","guid":{"rendered":"http:\/\/macher.ga\/fluogas\/?post_type=product&#038;p=5642"},"modified":"2020-10-19T20:55:01","modified_gmt":"2020-10-19T20:55:01","slug":"placa-temporizadora-universal-st9120u1011","status":"publish","type":"product","link":"https:\/\/fluogas.com\/?product=placa-temporizadora-universal-st9120u1011","title":{"rendered":"PLACA TEMPORIZADORA UNIVERSAL (ST9120U1011)"},"content":{"rendered":"<div class=\"celular overview\">\n<div class=\"cuerpo\">\n<div class=\"descripcion\">\n<p class=\"ng-binding\">E<span style=\"font-size: 14pt;\">l temporizador de ventilador electr\u00f3nico universal reemplaza a los modelos Honeywell ST9120, ST9101, ST9141 y ST9160. El ST9120U1011 supervisa el termostato para detectar calor, fr\u00edo y ventilador demandas, ejecuta el motor de soplado de tiro inducido y ejecuta el Ventilador circulante (hasta dos velocidades) seg\u00fan sea necesario. Tambi\u00e9n monitores limite las cuerdas del interruptor y activa el control de encendido. En resumen, esto una peque\u00f1a unidad tiene un gran impacto, por lo que es una opci\u00f3n inteligente para sus aplicaciones, as\u00ed como su negocio<\/span><\/p>\n<\/div>\n<\/div>\n<\/div>\n<div class=\"celular fotos\">\n<div class=\"boton\"><\/div>\n<div class=\"cuerpo\">\n<div class=\"arrow arrow-left\"><\/div>\n<div class=\"imagen fadeIn ng-scope\"><\/div>\n<\/div>\n<\/div>\n","protected":false},"excerpt":{"rendered":"<p>El temporizador de ventilador electr\u00f3nico universal reemplaza a los modelos &hellip;<\/p>\n","protected":false},"featured_media":5643,"template":"","meta":[],"_links":{"self":[{"href":"https:\/\/fluogas.com\/index.php?rest_route=\/wp\/v2\/product\/5642"}],"collection":[{"href":"https:\/\/fluogas.com\/index.php?rest_route=\/wp\/v2\/product"}],"about":[{"href":"https:\/\/fluogas.com\/index.php?rest_route=\/wp\/v2\/types\/product"}],"version-history":[{"count":0,"href":"https:\/\/fluogas.com\/index.php?rest_route=\/wp\/v2\/product\/5642\/revisions"}],"wp:featuredmedia":[{"embeddable":true,"href":"https:\/\/fluogas.com\/index.php?rest_route=\/wp\/v2\/media\/5643"}],"wp:attachment":[{"href":"https:\/\/fluogas.com\/index.php?rest_route=%2Fwp%2Fv2%2Fmedia&parent=5642"}],"curies":[{"name":"wp","href":"https:\/\/api.w.org\/{rel}","templated":true}]}}