{"id":5640,"date":"2020-10-19T20:53:12","date_gmt":"2020-10-19T20:53:12","guid":{"rendered":"http:\/\/macher.ga\/fluogas\/?post_type=product&#038;p=5640"},"modified":"2020-10-19T20:53:12","modified_gmt":"2020-10-19T20:53:12","slug":"transformador-de-ignicion-220v-et401a","status":"publish","type":"product","link":"https:\/\/fluogas.com\/?product=transformador-de-ignicion-220v-et401a","title":{"rendered":"TRANSFORMADOR DE IGNICION 220V (ET401A)"},"content":{"rendered":"<p>Transformador de encendido serie ET con cable de alta tensi\u00f3n pin de conexi\u00f3n y cable de alimentaci\u00f3n<\/p>\n","protected":false},"excerpt":{"rendered":"<p>Transformador de encendido serie ET con cable de alta tensi\u00f3n &hellip;<\/p>\n","protected":false},"featured_media":5641,"template":"","meta":[],"_links":{"self":[{"href":"https:\/\/fluogas.com\/index.php?rest_route=\/wp\/v2\/product\/5640"}],"collection":[{"href":"https:\/\/fluogas.com\/index.php?rest_route=\/wp\/v2\/product"}],"about":[{"href":"https:\/\/fluogas.com\/index.php?rest_route=\/wp\/v2\/types\/product"}],"version-history":[{"count":0,"href":"https:\/\/fluogas.com\/index.php?rest_route=\/wp\/v2\/product\/5640\/revisions"}],"wp:featuredmedia":[{"embeddable":true,"href":"https:\/\/fluogas.com\/index.php?rest_route=\/wp\/v2\/media\/5641"}],"wp:attachment":[{"href":"https:\/\/fluogas.com\/index.php?rest_route=%2Fwp%2Fv2%2Fmedia&parent=5640"}],"curies":[{"name":"wp","href":"https:\/\/api.w.org\/{rel}","templated":true}]}}