{"id":5590,"date":"2020-10-18T01:47:40","date_gmt":"2020-10-18T01:47:40","guid":{"rendered":"http:\/\/macher.ga\/fluogas\/?post_type=product&#038;p=5590"},"modified":"2020-10-19T22:48:20","modified_gmt":"2020-10-19T22:48:20","slug":"modulo-amplificador-de-llama-varilla-r8001v1031","status":"publish","type":"product","link":"https:\/\/fluogas.com\/?product=modulo-amplificador-de-llama-varilla-r8001v1031","title":{"rendered":"MODULO AMPLIFICADOR DE LLAMA VARILLA (R8001V1031)"},"content":{"rendered":"<p>M\u00f3dulo amplificador de llama Rectificaci\u00f3n con Ampli-Check din\u00e1mico<\/p>\n","protected":false},"excerpt":{"rendered":"<p>M\u00f3dulo amplificador de llama Rectificaci\u00f3n con Ampli-Check din\u00e1mico<\/p>\n","protected":false},"featured_media":5734,"template":"","meta":[],"_links":{"self":[{"href":"https:\/\/fluogas.com\/index.php?rest_route=\/wp\/v2\/product\/5590"}],"collection":[{"href":"https:\/\/fluogas.com\/index.php?rest_route=\/wp\/v2\/product"}],"about":[{"href":"https:\/\/fluogas.com\/index.php?rest_route=\/wp\/v2\/types\/product"}],"version-history":[{"count":0,"href":"https:\/\/fluogas.com\/index.php?rest_route=\/wp\/v2\/product\/5590\/revisions"}],"wp:featuredmedia":[{"embeddable":true,"href":"https:\/\/fluogas.com\/index.php?rest_route=\/wp\/v2\/media\/5734"}],"wp:attachment":[{"href":"https:\/\/fluogas.com\/index.php?rest_route=%2Fwp%2Fv2%2Fmedia&parent=5590"}],"curies":[{"name":"wp","href":"https:\/\/api.w.org\/{rel}","templated":true}]}}