{"id":5578,"date":"2020-10-18T01:38:15","date_gmt":"2020-10-18T01:38:15","guid":{"rendered":"http:\/\/macher.ga\/fluogas\/?post_type=product&#038;p=5578"},"modified":"2020-10-19T22:51:11","modified_gmt":"2020-10-19T22:51:11","slug":"modulo-anunciador-r8001n7001","status":"publish","type":"product","link":"https:\/\/fluogas.com\/?product=modulo-anunciador-r8001n7001","title":{"rendered":"MODULO ANUNCIADOR (R8001N7001)"},"content":{"rendered":"<p><span style=\"font-size: 14pt;\">M\u00f3dulo del anunciador M\u00f3dulo para monitorizar los estados de los cortacorriente u otros contactos conectados en serie con anunciaci\u00f3n primaria<\/span><\/p>\n","protected":false},"excerpt":{"rendered":"<p>M\u00f3dulo del anunciador M\u00f3dulo para monitorizar los estados de los &hellip;<\/p>\n","protected":false},"featured_media":5737,"template":"","meta":[],"_links":{"self":[{"href":"https:\/\/fluogas.com\/index.php?rest_route=\/wp\/v2\/product\/5578"}],"collection":[{"href":"https:\/\/fluogas.com\/index.php?rest_route=\/wp\/v2\/product"}],"about":[{"href":"https:\/\/fluogas.com\/index.php?rest_route=\/wp\/v2\/types\/product"}],"version-history":[{"count":0,"href":"https:\/\/fluogas.com\/index.php?rest_route=\/wp\/v2\/product\/5578\/revisions"}],"wp:featuredmedia":[{"embeddable":true,"href":"https:\/\/fluogas.com\/index.php?rest_route=\/wp\/v2\/media\/5737"}],"wp:attachment":[{"href":"https:\/\/fluogas.com\/index.php?rest_route=%2Fwp%2Fv2%2Fmedia&parent=5578"}],"curies":[{"name":"wp","href":"https:\/\/api.w.org\/{rel}","templated":true}]}}