{"id":5566,"date":"2020-10-18T01:22:26","date_gmt":"2020-10-18T01:22:26","guid":{"rendered":"http:\/\/macher.ga\/fluogas\/?post_type=product&#038;p=5566"},"modified":"2020-10-19T22:55:49","modified_gmt":"2020-10-19T22:55:49","slug":"modulo-control-de-quemador-r8001b2001-u","status":"publish","type":"product","link":"https:\/\/fluogas.com\/?product=modulo-control-de-quemador-r8001b2001-u","title":{"rendered":"MODULO CONTROL DE QUEMADOR (R8001B2001\/U)"},"content":{"rendered":"<p><span style=\"font-size: 14pt;\">Control del quemador para detectar la llama mediante rectificaci\u00f3n, UV o infrarrojo, para aplicaciones de combusti\u00f3n; incluye prueba de v\u00e1lvula<\/span><\/p>\n","protected":false},"excerpt":{"rendered":"<p>Control del quemador para detectar la llama mediante rectificaci\u00f3n, UV &hellip;<\/p>\n","protected":false},"featured_media":5749,"template":"","meta":[],"_links":{"self":[{"href":"https:\/\/fluogas.com\/index.php?rest_route=\/wp\/v2\/product\/5566"}],"collection":[{"href":"https:\/\/fluogas.com\/index.php?rest_route=\/wp\/v2\/product"}],"about":[{"href":"https:\/\/fluogas.com\/index.php?rest_route=\/wp\/v2\/types\/product"}],"version-history":[{"count":0,"href":"https:\/\/fluogas.com\/index.php?rest_route=\/wp\/v2\/product\/5566\/revisions"}],"wp:featuredmedia":[{"embeddable":true,"href":"https:\/\/fluogas.com\/index.php?rest_route=\/wp\/v2\/media\/5749"}],"wp:attachment":[{"href":"https:\/\/fluogas.com\/index.php?rest_route=%2Fwp%2Fv2%2Fmedia&parent=5566"}],"curies":[{"name":"wp","href":"https:\/\/api.w.org\/{rel}","templated":true}]}}