{"id":5489,"date":"2020-10-17T23:11:28","date_gmt":"2020-10-17T23:11:28","guid":{"rendered":"http:\/\/macher.ga\/fluogas\/?post_type=product&#038;p=5489"},"modified":"2020-10-19T23:30:42","modified_gmt":"2020-10-19T23:30:42","slug":"s7999d1048-display","status":"publish","type":"product","link":"https:\/\/fluogas.com\/?product=s7999d1048-display","title":{"rendered":"S7999D1048 &#8211; Display"},"content":{"rendered":"<div class=\"celular overview\">\n<div class=\"cuerpo\">\n<div class=\"descripcion\">\n<p class=\"ng-binding\"><span style=\"font-size: 14pt;\">La interfaz del operador del sistema de combusti\u00f3n S7999D (OI) reduce el tiempo de configuraci\u00f3n del quemador \/ caldera al permitir que el usuario cree una curva (perfil) de modulaci\u00f3n de combustible \/ aire para ControLinks \u2122 (Combustible \/Air Ratio Control) que permite una operaci\u00f3n segura y eficiente en todos los puntos a lo largo de la curva de modulaci\u00f3n. El OI usa un asistente proceso similar para ayudar al usuario a trav\u00e9s de la puesta en marcha proceso. El S7999D se puede usar en sistemas con uno o dos combustibles y en sistemas con o sin recirculaci\u00f3n de gases de combusti\u00f3n (FGR). El S7999D tiene dos puertos de comunicaci\u00f3n RS485 que se puede configurar para proporcionar: \u2022 Comisionamiento y monitoreo del control de proporci\u00f3n de combustible \/ aire \u2022 Uno o m\u00e1s sistemas de control de calderas \/ quemadores (hasta 99 sistemas de quemador \/ quemador). Cada control del quemador, Combustible \/ Aire Control de proporci\u00f3n, y anunciador expandido presente en cada sistema de quemador se puede ver de forma individual para determinar su estado. \u2022 Pantalla local a un monitor de sistema \u2022 Monitor del sistema a una o m\u00e1s pantallas locales \u2022 Puerta de enlace para ModBus Master (BAS) Controles digitales universales (UDC 2500\/3200\/3500 con Modbus) se puede utilizar para varias aplicaciones de quemador \/ caldera, y el S7999D puede controlar los UDC durante su operaci\u00f3n. Las aplicaciones compatibles incluyen: \u2022 Temperatura de la pila \u2022 Control de carga PID agua \/ vapor \u2022 Control del flujo de vapor \/ combustible \u2022 Choque termal \u2022 Control de nivel de la bomba de alimentaci\u00f3n El S7999D es un OI de m\u00faltiples idiomas; ingl\u00e9s y espa\u00f1ol seleccionable El S7999D puede ser montado al ras o montado a la recorte del panel. Las conexiones de cableado al S7999D son a trav\u00e9s de un extra\u00edble Conector de cable de 8 pines. El S7999D tambi\u00e9n tiene un puerto USB que se puede usar para: \u2022 Transferencia de im\u00e1genes de captura de pantalla \u2022 Transferir informes de an\u00e1lisis de tendencia \u2022 Subir: (1) revisiones del software de aplicaci\u00f3n del sistema OI (cuando proporcionado por Honeywell) (2) Imagen de fondo de la p\u00e1gina de inicio (3) Logotipo de la p\u00e1gina de inicio (4) Imagen de protector de pantalla Este documento proporciona instalaci\u00f3n y configuraci\u00f3n inicial instrucciones.<\/span><\/p>\n<\/div>\n<\/div>\n<\/div>\n<div class=\"celular fotos\">\n<div class=\"boton\"><\/div>\n<div class=\"cuerpo\">\n<div class=\"arrow arrow-left\"><\/div>\n<div class=\"imagen fadeIn ng-scope\"><\/div>\n<\/div>\n<\/div>\n","protected":false},"excerpt":{"rendered":"<p><span style=\"font-size: 14pt;\">La interfaz del operador del sistema de combusti\u00f3n S7999D (OI) reduce el tiempo de configuraci\u00f3n del quemador \/ caldera al permitir que el usuario cree una curva (perfil) de modulaci\u00f3n de combustible \/ aire para ControLinks \u2122 (Combustible \/Air Ratio Control) que permite una operaci\u00f3n segura y eficiente en todos los puntos a lo largo de la curva de modulaci\u00f3n.<\/span><\/p>\n","protected":false},"featured_media":5798,"template":"","meta":[],"_links":{"self":[{"href":"https:\/\/fluogas.com\/index.php?rest_route=\/wp\/v2\/product\/5489"}],"collection":[{"href":"https:\/\/fluogas.com\/index.php?rest_route=\/wp\/v2\/product"}],"about":[{"href":"https:\/\/fluogas.com\/index.php?rest_route=\/wp\/v2\/types\/product"}],"version-history":[{"count":1,"href":"https:\/\/fluogas.com\/index.php?rest_route=\/wp\/v2\/product\/5489\/revisions"}],"predecessor-version":[{"id":5491,"href":"https:\/\/fluogas.com\/index.php?rest_route=\/wp\/v2\/product\/5489\/revisions\/5491"}],"wp:featuredmedia":[{"embeddable":true,"href":"https:\/\/fluogas.com\/index.php?rest_route=\/wp\/v2\/media\/5798"}],"wp:attachment":[{"href":"https:\/\/fluogas.com\/index.php?rest_route=%2Fwp%2Fv2%2Fmedia&parent=5489"}],"curies":[{"name":"wp","href":"https:\/\/api.w.org\/{rel}","templated":true}]}}