{"id":5487,"date":"2020-10-17T23:08:52","date_gmt":"2020-10-17T23:08:52","guid":{"rendered":"http:\/\/macher.ga\/fluogas\/?post_type=product&#038;p=5487"},"modified":"2020-10-19T23:31:17","modified_gmt":"2020-10-19T23:31:17","slug":"ml7999a2001-actuador","status":"publish","type":"product","link":"https:\/\/fluogas.com\/?product=ml7999a2001-actuador","title":{"rendered":"ML7999A2001 &#8211; Actuador"},"content":{"rendered":"<div class=\"celular overview\">\n<div class=\"cuerpo\">\n<div class=\"descripcion\">\n<p class=\"ng-binding\"><span style=\"font-size: 14pt;\">El Actuador de Posicionamiento en Paralelo Universal ML7999A proporciona 100 lb-in control de torque, modulaci\u00f3n de ancho de pulso (PWM) de Amortiguadores de aire de combusti\u00f3n, v\u00e1lvulas de mariposa, modulaci\u00f3n de aceite v\u00e1lvulas y sistemas de recirculaci\u00f3n de gases de combusti\u00f3n. El actuador incluye un potenci\u00f3metro de realimentaci\u00f3n de precisi\u00f3n e integral fuente de alimentaci\u00f3n capaz de conexi\u00f3n de voltaje de l\u00ednea directa<\/span><\/p>\n<\/div>\n<\/div>\n<\/div>\n<div class=\"celular fotos\">\n<div class=\"boton\"><\/div>\n<div class=\"cuerpo\">\n<div class=\"arrow arrow-left\"><\/div>\n<div class=\"imagen fadeIn ng-scope\"><\/div>\n<\/div>\n<\/div>\n","protected":false},"excerpt":{"rendered":"<div class=\"celular overview\">\n<div class=\"cuerpo\">\n<div class=\"descripcion\">\n<p class=\"ng-binding\"><span style=\"font-size: 14pt;\">El Actuador de Posicionamiento en Paralelo Universal ML7999A proporciona 100 lb-in control de torque, modulaci\u00f3n de ancho de pulso (PWM) de Amortiguadores de aire de combusti\u00f3n, v\u00e1lvulas de mariposa, modulaci\u00f3n de aceite v\u00e1lvulas y sistemas de recirculaci\u00f3n de gases de combusti\u00f3n. El actuador incluye un potenci\u00f3metro de realimentaci\u00f3n de precisi\u00f3n e integral fuente de alimentaci\u00f3n capaz de conexi\u00f3n de voltaje de l\u00ednea directa<\/span><\/p>\n<\/div>\n<\/div>\n<\/div>\n<div class=\"celular fotos\">\n<div class=\"boton\"><\/div>\n<div class=\"cuerpo\">\n<div class=\"arrow arrow-left\"><\/div>\n<div class=\"imagen fadeIn ng-scope\"><\/div>\n<\/div>\n<\/div>\n","protected":false},"featured_media":5799,"template":"","meta":[],"_links":{"self":[{"href":"https:\/\/fluogas.com\/index.php?rest_route=\/wp\/v2\/product\/5487"}],"collection":[{"href":"https:\/\/fluogas.com\/index.php?rest_route=\/wp\/v2\/product"}],"about":[{"href":"https:\/\/fluogas.com\/index.php?rest_route=\/wp\/v2\/types\/product"}],"version-history":[{"count":0,"href":"https:\/\/fluogas.com\/index.php?rest_route=\/wp\/v2\/product\/5487\/revisions"}],"wp:featuredmedia":[{"embeddable":true,"href":"https:\/\/fluogas.com\/index.php?rest_route=\/wp\/v2\/media\/5799"}],"wp:attachment":[{"href":"https:\/\/fluogas.com\/index.php?rest_route=%2Fwp%2Fv2%2Fmedia&parent=5487"}],"curies":[{"name":"wp","href":"https:\/\/api.w.org\/{rel}","templated":true}]}}