{"id":5482,"date":"2020-10-17T23:00:26","date_gmt":"2020-10-17T23:00:26","guid":{"rendered":"http:\/\/macher.ga\/fluogas\/?post_type=product&#038;p=5482"},"modified":"2020-10-19T23:32:39","modified_gmt":"2020-10-19T23:32:39","slug":"controlinks-r7999a1005-120vac","status":"publish","type":"product","link":"https:\/\/fluogas.com\/?product=controlinks-r7999a1005-120vac","title":{"rendered":"R7999A1005 &#8211; 120VAC"},"content":{"rendered":"<p><span style=\"font-size: 14pt;\">El Controlador Controles \u2122 R7999 usa la \u00faltima tecnolog\u00eda basada en microprocesador para controlar simult\u00e1neamente hasta cuatro actuadores. El dispositivo, con el ML7999 Universal Actuadores de Posicionamiento Paralelo, representa un valor agregado reemplazo de la leva mec\u00e1nica y ensamble de articulaci\u00f3n controlando la relaci\u00f3n entre el combustible, el flujo de aire y el gas de combusti\u00f3n recirculaci\u00f3n (si se usa) en un quemador de potencia. El Honeywell ControLinks \u2122 consiste en los ControLinks \u2122 R7999<\/span><br \/>\n<span style=\"font-size: 14pt;\">Controlador, Subbase universal Q7999 y un m\u00ednimo de dos<\/span><br \/>\n<span style=\"font-size: 14pt;\">Actuadores ML7999.<\/span><br \/>\n<span style=\"font-size: 14pt;\">El R7999, con un puerto de comunicaciones, proporciona capacidades de comunicaci\u00f3n similares a las que se encuentran en el 7800 Controles SERIE<\/span><\/p>\n","protected":false},"excerpt":{"rendered":"<p>El Controlador Controles \u2122 R7999 usa la \u00faltima tecnolog\u00eda basada &hellip;<\/p>\n","protected":false},"featured_media":5801,"template":"","meta":[],"_links":{"self":[{"href":"https:\/\/fluogas.com\/index.php?rest_route=\/wp\/v2\/product\/5482"}],"collection":[{"href":"https:\/\/fluogas.com\/index.php?rest_route=\/wp\/v2\/product"}],"about":[{"href":"https:\/\/fluogas.com\/index.php?rest_route=\/wp\/v2\/types\/product"}],"version-history":[{"count":0,"href":"https:\/\/fluogas.com\/index.php?rest_route=\/wp\/v2\/product\/5482\/revisions"}],"wp:featuredmedia":[{"embeddable":true,"href":"https:\/\/fluogas.com\/index.php?rest_route=\/wp\/v2\/media\/5801"}],"wp:attachment":[{"href":"https:\/\/fluogas.com\/index.php?rest_route=%2Fwp%2Fv2%2Fmedia&parent=5482"}],"curies":[{"name":"wp","href":"https:\/\/api.w.org\/{rel}","templated":true}]}}