{"id":5467,"date":"2020-10-17T01:38:37","date_gmt":"2020-10-17T01:38:37","guid":{"rendered":"http:\/\/macher.ga\/fluogas\/?post_type=product&#038;p=5467"},"modified":"2020-10-19T23:33:30","modified_gmt":"2020-10-19T23:33:30","slug":"q7800a1005","status":"publish","type":"product","link":"https:\/\/fluogas.com\/?product=q7800a1005","title":{"rendered":"Q7800A1005"},"content":{"rendered":"<p><span style=\"font-size: 14pt;\">Bases de montaje de quemador, panel o pared para m\u00f3dulos de rel\u00e9 SERIE 7800 y anunciador expandido S7830A.<\/span><\/p>\n<p><span style=\"font-size: 14pt;\">Caracteristicas<\/span><br \/>\n<span style=\"font-size: 14pt;\">Realiza conexiones el\u00e9ctricas para m\u00f3dulos de rel\u00e9 SERIE 7800 o Anunciador expandido S7830A a trav\u00e9s de contactos bifurcados.<\/span><br \/>\n<span style=\"font-size: 14pt;\">Proporciona terminales para el cableado de campo.<\/span><br \/>\n<span style=\"font-size: 14pt;\">Veintid\u00f3s terminales<\/span><\/p>\n","protected":false},"excerpt":{"rendered":"<p>Bases de montaje de quemador, panel o pared para m\u00f3dulos &hellip;<\/p>\n","protected":false},"featured_media":5803,"template":"","meta":[],"_links":{"self":[{"href":"https:\/\/fluogas.com\/index.php?rest_route=\/wp\/v2\/product\/5467"}],"collection":[{"href":"https:\/\/fluogas.com\/index.php?rest_route=\/wp\/v2\/product"}],"about":[{"href":"https:\/\/fluogas.com\/index.php?rest_route=\/wp\/v2\/types\/product"}],"version-history":[{"count":0,"href":"https:\/\/fluogas.com\/index.php?rest_route=\/wp\/v2\/product\/5467\/revisions"}],"wp:featuredmedia":[{"embeddable":true,"href":"https:\/\/fluogas.com\/index.php?rest_route=\/wp\/v2\/media\/5803"}],"wp:attachment":[{"href":"https:\/\/fluogas.com\/index.php?rest_route=%2Fwp%2Fv2%2Fmedia&parent=5467"}],"curies":[{"name":"wp","href":"https:\/\/api.w.org\/{rel}","templated":true}]}}