{"id":5464,"date":"2020-10-17T01:32:22","date_gmt":"2020-10-17T01:32:22","guid":{"rendered":"http:\/\/macher.ga\/fluogas\/?post_type=product&#038;p=5464"},"modified":"2020-10-19T23:34:44","modified_gmt":"2020-10-19T23:34:44","slug":"rm7824a1006","status":"publish","type":"product","link":"https:\/\/fluogas.com\/?product=rm7824a1006","title":{"rendered":"RM7824A1006"},"content":{"rendered":"<div class=\"celular overview\">\n<div class=\"cuerpo\">\n<div class=\"descripcion\">\n<p class=\"ng-binding\"><span style=\"font-size: 14pt;\">El Honeywell RM7824 es un microprocesador de 24 Vdc basado en control integrado del quemador para gas, aceite o Combustible combinado de aplicaciones de quemador individual. El RM7824 sistema consiste en el m\u00f3dulo de rel\u00e9, subbase de cableado y amplificador. Las opciones incluyen el m\u00f3dulo de pantalla del teclado (KDM), interfaz de computadora personal, M\u00f3dulo Data ControlBus\u00f4, m\u00f3dulo de visualizaci\u00f3n remota, anunciador expandido de primera salida y Software Combustion System Manager \u2122. El RM7824 est\u00e1 programado para proporcionar un nivel de seguridad, capacidad funcional y caracter\u00edsticas m\u00e1s all\u00e1 de la capacidad de controles convencionales. Las funciones provistas por el RM7824 incluyen quemador autom\u00e1tico secuenciaci\u00f3n, supervisi\u00f3n de la llama, indicaci\u00f3n del estado del sistema, sistema o autodiagn\u00f3stico y soluci\u00f3n de problemas.<\/span><\/p>\n<\/div>\n<\/div>\n<\/div>\n<div class=\"celular fotos\">\n<div class=\"boton\"><\/div>\n<div class=\"cuerpo\">\n<div class=\"arrow arrow-left\"><\/div>\n<div class=\"imagen fadeIn ng-scope\"><\/div>\n<\/div>\n<\/div>\n","protected":false},"excerpt":{"rendered":"<p>El Honeywell RM7824 es un microprocesador de 24 Vdc basado &hellip;<\/p>\n","protected":false},"featured_media":5812,"template":"","meta":[],"_links":{"self":[{"href":"https:\/\/fluogas.com\/index.php?rest_route=\/wp\/v2\/product\/5464"}],"collection":[{"href":"https:\/\/fluogas.com\/index.php?rest_route=\/wp\/v2\/product"}],"about":[{"href":"https:\/\/fluogas.com\/index.php?rest_route=\/wp\/v2\/types\/product"}],"version-history":[{"count":1,"href":"https:\/\/fluogas.com\/index.php?rest_route=\/wp\/v2\/product\/5464\/revisions"}],"predecessor-version":[{"id":5814,"href":"https:\/\/fluogas.com\/index.php?rest_route=\/wp\/v2\/product\/5464\/revisions\/5814"}],"wp:featuredmedia":[{"embeddable":true,"href":"https:\/\/fluogas.com\/index.php?rest_route=\/wp\/v2\/media\/5812"}],"wp:attachment":[{"href":"https:\/\/fluogas.com\/index.php?rest_route=%2Fwp%2Fv2%2Fmedia&parent=5464"}],"curies":[{"name":"wp","href":"https:\/\/api.w.org\/{rel}","templated":true}]}}