{"id":5462,"date":"2020-10-17T01:31:15","date_gmt":"2020-10-17T01:31:15","guid":{"rendered":"http:\/\/macher.ga\/fluogas\/?post_type=product&#038;p=5462"},"modified":"2020-10-19T23:35:43","modified_gmt":"2020-10-19T23:35:43","slug":"rm7890a1015","status":"publish","type":"product","link":"https:\/\/fluogas.com\/?product=rm7890a1015","title":{"rendered":"RM7890A1015"},"content":{"rendered":"<p><span style=\"font-size: 14pt;\">Los M\u00f3dulos De Rel\u00e9 EC7890 A,B\/RM7890A,B,C de Honeywell son controles de quemadores basados en micro procesadores para su aplicaci\u00f3n en sistemas de encendido autom\u00e1tico de gas, Fuel-oil o combinaci\u00f3n de combustibles en un solo quemador. El M\u00f3dulo De Rel\u00e9 EC\/RM7890A esta considerado para la sustituci\u00f3n del Control Primario Protectorelay\u00ae RA890F,G, y H. El sistema EC\/RM7890<\/span><br \/>\n<span style=\"font-size: 14pt;\">consiste en un m\u00f3dulo de rel\u00e9, m\u00f3dulo de pantalla con teclado (MPT), subbase, amplificador y tarjeta de purga. Las funciones proporcionadas por el EC\/RM7890 incluyen secuenciamiento autom\u00e1tico del quemador, supervisi\u00f3n de llama, indicaci\u00f3n del estado del sistema, auto diagn\u00f3stico e identificaci\u00f3n de problemas.<\/span><br \/>\n<span style=\"font-size: 14pt;\">Voltaje y Frecuencia: RM7890: 120 Vca, (+10%\/-15%), 50\/60 Hz. (\u00b110%).<\/span><\/p>\n","protected":false},"excerpt":{"rendered":"<p>Los M\u00f3dulos De Rel\u00e9 EC7890 A,B\/RM7890A,B,C de Honeywell son controles &hellip;<\/p>\n","protected":false},"featured_media":5812,"template":"","meta":[],"_links":{"self":[{"href":"https:\/\/fluogas.com\/index.php?rest_route=\/wp\/v2\/product\/5462"}],"collection":[{"href":"https:\/\/fluogas.com\/index.php?rest_route=\/wp\/v2\/product"}],"about":[{"href":"https:\/\/fluogas.com\/index.php?rest_route=\/wp\/v2\/types\/product"}],"version-history":[{"count":0,"href":"https:\/\/fluogas.com\/index.php?rest_route=\/wp\/v2\/product\/5462\/revisions"}],"wp:featuredmedia":[{"embeddable":true,"href":"https:\/\/fluogas.com\/index.php?rest_route=\/wp\/v2\/media\/5812"}],"wp:attachment":[{"href":"https:\/\/fluogas.com\/index.php?rest_route=%2Fwp%2Fv2%2Fmedia&parent=5462"}],"curies":[{"name":"wp","href":"https:\/\/api.w.org\/{rel}","templated":true}]}}