{"id":5461,"date":"2020-10-17T01:30:04","date_gmt":"2020-10-17T01:30:04","guid":{"rendered":"http:\/\/macher.ga\/fluogas\/?post_type=product&#038;p=5461"},"modified":"2020-10-19T23:38:17","modified_gmt":"2020-10-19T23:38:17","slug":"rm7890b1014-1048","status":"publish","type":"product","link":"https:\/\/fluogas.com\/?product=rm7890b1014-1048","title":{"rendered":"RM7890B1014 \/ 1048"},"content":{"rendered":"<p><span style=\"font-size: 14pt;\">El Honeywell EC7890A, B \/ RM7890 es un microprocesadorcontrol de quemador integrado basado en gas, aceite o combinaciones de aplicaciones de un solo quemador de combustible. los El sistema EC \/ RM7890 consiste en el m\u00f3dulo de rel\u00e9, subbase y amplificador. Las opciones incluyen el M\u00f3dulo de pantalla del teclado (KDM), m\u00f3dulo Modbus \u2122, m\u00f3dulo Data ControlBus \u2122 y<\/span><br \/>\n<span style=\"font-size: 14pt;\">M\u00f3dulo de pantalla remota.<\/span><br \/>\n<span style=\"font-size: 14pt;\">El EC \/ RM7890 est\u00e1 programado para proporcionar un nivel de seguridad,<\/span><br \/>\n<span style=\"font-size: 14pt;\">capacidad funcional y caracter\u00edsticas m\u00e1s all\u00e1 de la capacidad de controles convencionales.<\/span><br \/>\n<span style=\"font-size: 14pt;\">Las funciones provistas por EC \/ RM7890 incluyen autom\u00e1tica secuenciador de quemador, supervisi\u00f3n de llama, estado del sistema indicaci\u00f3n, sistema o autodiagn\u00f3stico y resoluci\u00f3n de problemas<\/span><\/p>\n","protected":false},"excerpt":{"rendered":"<p>El Honeywell EC7890A, B \/ RM7890 es un microprocesadorcontrol de &hellip;<\/p>\n","protected":false},"featured_media":5812,"template":"","meta":[],"_links":{"self":[{"href":"https:\/\/fluogas.com\/index.php?rest_route=\/wp\/v2\/product\/5461"}],"collection":[{"href":"https:\/\/fluogas.com\/index.php?rest_route=\/wp\/v2\/product"}],"about":[{"href":"https:\/\/fluogas.com\/index.php?rest_route=\/wp\/v2\/types\/product"}],"version-history":[{"count":1,"href":"https:\/\/fluogas.com\/index.php?rest_route=\/wp\/v2\/product\/5461\/revisions"}],"predecessor-version":[{"id":5816,"href":"https:\/\/fluogas.com\/index.php?rest_route=\/wp\/v2\/product\/5461\/revisions\/5816"}],"wp:featuredmedia":[{"embeddable":true,"href":"https:\/\/fluogas.com\/index.php?rest_route=\/wp\/v2\/media\/5812"}],"wp:attachment":[{"href":"https:\/\/fluogas.com\/index.php?rest_route=%2Fwp%2Fv2%2Fmedia&parent=5461"}],"curies":[{"name":"wp","href":"https:\/\/api.w.org\/{rel}","templated":true}]}}