{"id":5459,"date":"2020-10-17T01:26:16","date_gmt":"2020-10-17T01:26:16","guid":{"rendered":"http:\/\/macher.ga\/fluogas\/?post_type=product&#038;p=5459"},"modified":"2020-10-19T23:38:13","modified_gmt":"2020-10-19T23:38:13","slug":"rm7838c1004-2","status":"publish","type":"product","link":"https:\/\/fluogas.com\/?product=rm7838c1004-2","title":{"rendered":"RM7897C1000"},"content":{"rendered":"<p><span style=\"font-size: 14pt;\">El Honeywell EC7895 \/ RM7895 \/ RM7896 es un control de quemador integrado basado en microprocesador para quemador autom\u00e1tico de gas, aceite o combustible combinado de un solo quemador aplicaciones. Un m\u00f3dulo de rel\u00e9, subbase, amplificador y purga Se requieren tarjetas para completar el sistema. Las opciones incluyen M\u00f3dulo de pantalla del teclado (KDM), m\u00f3dulo Modbus \u2122, DATA CONTROLBUS MODULE \u2122, montaje de pantalla remota, y Anunciador expandido en primer lugar.<\/span><br \/>\n<span style=\"font-size: 14pt;\">El m\u00f3dulo de rel\u00e9s est\u00e1 programado para proporcionar un nivel de seguridad,<\/span><br \/>\n<span style=\"font-size: 14pt;\">capacidad funcional y caracter\u00edsticas m\u00e1s all\u00e1 de la capacidad de controles convencionales.<\/span><br \/>\n<span style=\"font-size: 14pt;\">Las funciones proporcionadas por el m\u00f3dulo de rel\u00e9s incluyen<\/span><br \/>\n<span style=\"font-size: 14pt;\">\u2022 Secuenciaci\u00f3n autom\u00e1tica del quemador<\/span><br \/>\n<span style=\"font-size: 14pt;\">\u2022 Supervisi\u00f3n de llama<\/span><br \/>\n<span style=\"font-size: 14pt;\">\u2022 Indicaci\u00f3n de estado del sistema<\/span><br \/>\n<span style=\"font-size: 14pt;\">\u2022 Sistema o autodiagn\u00f3stico<\/span><br \/>\n<span style=\"font-size: 14pt;\">\u2022 Soluci\u00f3n de problemas<\/span><br \/>\n<span style=\"font-size: 14pt;\">\u2022 RM7896 proporciona 15 segundos despu\u00e9s de la purga.<\/span><br \/>\n<span style=\"font-size: 14pt;\">El RM7897 agrega:<\/span><br \/>\n<span style=\"font-size: 14pt;\">\u2022 Prueba de entrada de cierre al control primario est\u00e1ndar<\/span><br \/>\n<span style=\"font-size: 14pt;\">funci\u00f3n del producto RM7895 \/ RM7896.<\/span><br \/>\n<span style=\"font-size: 14pt;\">\u2022 Una funci\u00f3n de c\u00f3digo de falla parpadeante para el LED POWER en la alarma apagar.<\/span><br \/>\n<span style=\"font-size: 14pt;\">\u2022 Postpurge programable usando el teclado S7800A1142 M\u00f3dulo de pantalla (KDM).<\/span><\/p>\n","protected":false},"excerpt":{"rendered":"<p>El Honeywell EC7895 \/ RM7895 \/ RM7896 es un control &hellip;<\/p>\n","protected":false},"featured_media":5812,"template":"","meta":[],"_links":{"self":[{"href":"https:\/\/fluogas.com\/index.php?rest_route=\/wp\/v2\/product\/5459"}],"collection":[{"href":"https:\/\/fluogas.com\/index.php?rest_route=\/wp\/v2\/product"}],"about":[{"href":"https:\/\/fluogas.com\/index.php?rest_route=\/wp\/v2\/types\/product"}],"version-history":[{"count":0,"href":"https:\/\/fluogas.com\/index.php?rest_route=\/wp\/v2\/product\/5459\/revisions"}],"wp:featuredmedia":[{"embeddable":true,"href":"https:\/\/fluogas.com\/index.php?rest_route=\/wp\/v2\/media\/5812"}],"wp:attachment":[{"href":"https:\/\/fluogas.com\/index.php?rest_route=%2Fwp%2Fv2%2Fmedia&parent=5459"}],"curies":[{"name":"wp","href":"https:\/\/api.w.org\/{rel}","templated":true}]}}