{"id":5458,"date":"2020-10-17T01:24:52","date_gmt":"2020-10-17T01:24:52","guid":{"rendered":"http:\/\/macher.ga\/fluogas\/?post_type=product&#038;p=5458"},"modified":"2020-10-23T20:41:02","modified_gmt":"2020-10-23T20:41:02","slug":"rm7838c1004","status":"publish","type":"product","link":"https:\/\/fluogas.com\/?product=rm7838c1004","title":{"rendered":"RM7838C1004"},"content":{"rendered":"<p>El Honeywell RM7838B, C est\u00e1 basado en un microprocesador, control integrado del quemador para procesos industriales gas, petr\u00f3leo, carb\u00f3n o una combinaci\u00f3n de combustibles de encendido semiautom\u00e1tico para aplicaciones industriales de quemadores individuales.<\/p>\n<p>El RM7838B, C El sistema consiste en un M\u00f3dulo de Rel\u00e9, Subbase de Cableado, Amplificador, m\u00f3dulo de pantalla del teclado (KDM) y tarjeta de purga para operaci\u00f3n. El RM7838B, C est\u00e1 programado para proporcionar un nivel de seguridad, capacidad funcional y caracter\u00edsticas m\u00e1s all\u00e1 de la capacidad de controles convencionales.<\/p>\n<p>Las funciones provistas por el RM7838B, C incluyen autom\u00e1tico, purga modulada, de alto fuego y de bajo fuego comprobada; piloto de quemador arranque con retenci\u00f3n de v\u00e1lvula piloto; una v\u00e1lvula piloto especial sujeta desde Condici\u00f3n de ejecuci\u00f3n; supervisi\u00f3n de llama; indicaci\u00f3n del estado del sistema; autodiagn\u00f3stico del sistema y soluci\u00f3n de problemas. El RM7838C difiere del RM7838B de la siguiente manera: 1. Alarmas solo en apagado de seguridad. 2. Tiene 15 segundos de MFEP. 3. Requiere temporizador de purga ST7800C.<\/p>\n","protected":false},"excerpt":{"rendered":"<p>El Honeywell RM7838B, C est\u00e1 basado en un microprocesador, control integrado del quemador para procesos industriales gas, petr\u00f3leo, carb\u00f3n o una combinaci\u00f3n de combustibles de encendido semiautom\u00e1tico para aplicaciones industriales de quemadores individuales.<\/p>\n","protected":false},"featured_media":5812,"template":"","meta":[],"_links":{"self":[{"href":"https:\/\/fluogas.com\/index.php?rest_route=\/wp\/v2\/product\/5458"}],"collection":[{"href":"https:\/\/fluogas.com\/index.php?rest_route=\/wp\/v2\/product"}],"about":[{"href":"https:\/\/fluogas.com\/index.php?rest_route=\/wp\/v2\/types\/product"}],"version-history":[{"count":2,"href":"https:\/\/fluogas.com\/index.php?rest_route=\/wp\/v2\/product\/5458\/revisions"}],"predecessor-version":[{"id":6307,"href":"https:\/\/fluogas.com\/index.php?rest_route=\/wp\/v2\/product\/5458\/revisions\/6307"}],"wp:featuredmedia":[{"embeddable":true,"href":"https:\/\/fluogas.com\/index.php?rest_route=\/wp\/v2\/media\/5812"}],"wp:attachment":[{"href":"https:\/\/fluogas.com\/index.php?rest_route=%2Fwp%2Fv2%2Fmedia&parent=5458"}],"curies":[{"name":"wp","href":"https:\/\/api.w.org\/{rel}","templated":true}]}}