{"id":5457,"date":"2020-10-17T01:23:27","date_gmt":"2020-10-17T01:23:27","guid":{"rendered":"http:\/\/macher.ga\/fluogas\/?post_type=product&#038;p=5457"},"modified":"2020-10-19T23:38:44","modified_gmt":"2020-10-19T23:38:44","slug":"rm7838a1014","status":"publish","type":"product","link":"https:\/\/fluogas.com\/?product=rm7838a1014","title":{"rendered":"RM7838A1014"},"content":{"rendered":"<div class=\"celular overview\">\n<div class=\"cuerpo\">\n<div class=\"descripcion\">\n<p class=\"ng-binding\"><span style=\"font-size: 14pt;\">El Honeywell RM7838A est\u00e1 basado en un microprocesador, control integrado del quemador para procesos industriales semiautom\u00e1ticamente gas, petr\u00f3leo o una combinaci\u00f3n de combustibles para un solo aplicaciones industriales de quemadores El RM7838A El sistema consiste en un m\u00f3dulo de rel\u00e9, subbase, amplificador, M\u00f3dulo de pantalla del teclado y tarjeta de purga. Las opciones incluyen M\u00f3dulo Modbus \u2122, m\u00f3dulo Data ControlBus \u2122 y control remoto Montaje de pantalla. El RM7838A est\u00e1 programado para proporcionar un nivel de seguridad, capacidad funcional y caracter\u00edsticas m\u00e1s all\u00e1 de la capacidad de controles convencionales. La funci\u00f3n b\u00e1sica de la RM7838A es retrasar la admisi\u00f3n de combustible a la c\u00e1mara de combusti\u00f3n hasta que la llama piloto haya sido probado y luego controlar la llama durante el per\u00edodo de ejecuci\u00f3n mientras proporciona indicaci\u00f3n de estado del sistema, sistema o autodiagn\u00f3stico y soluci\u00f3n de problemas.<\/span><\/p>\n<\/div>\n<\/div>\n<\/div>\n<div class=\"celular fotos\">\n<div class=\"boton\"><\/div>\n<div class=\"cuerpo\">\n<div class=\"arrow arrow-left\"><\/div>\n<div class=\"imagen fadeIn ng-scope\"><\/div>\n<\/div>\n<\/div>\n","protected":false},"excerpt":{"rendered":"<p>El Honeywell RM7838A est\u00e1 basado en un microprocesador, control integrado &hellip;<\/p>\n","protected":false},"featured_media":5812,"template":"","meta":[],"_links":{"self":[{"href":"https:\/\/fluogas.com\/index.php?rest_route=\/wp\/v2\/product\/5457"}],"collection":[{"href":"https:\/\/fluogas.com\/index.php?rest_route=\/wp\/v2\/product"}],"about":[{"href":"https:\/\/fluogas.com\/index.php?rest_route=\/wp\/v2\/types\/product"}],"version-history":[{"count":1,"href":"https:\/\/fluogas.com\/index.php?rest_route=\/wp\/v2\/product\/5457\/revisions"}],"predecessor-version":[{"id":5817,"href":"https:\/\/fluogas.com\/index.php?rest_route=\/wp\/v2\/product\/5457\/revisions\/5817"}],"wp:featuredmedia":[{"embeddable":true,"href":"https:\/\/fluogas.com\/index.php?rest_route=\/wp\/v2\/media\/5812"}],"wp:attachment":[{"href":"https:\/\/fluogas.com\/index.php?rest_route=%2Fwp%2Fv2%2Fmedia&parent=5457"}],"curies":[{"name":"wp","href":"https:\/\/api.w.org\/{rel}","templated":true}]}}