{"id":5456,"date":"2020-10-17T01:21:19","date_gmt":"2020-10-17T01:21:19","guid":{"rendered":"http:\/\/macher.ga\/fluogas\/?post_type=product&#038;p=5456"},"modified":"2020-10-19T23:39:01","modified_gmt":"2020-10-19T23:39:01","slug":"rm7830a1011","status":"publish","type":"product","link":"https:\/\/fluogas.com\/?product=rm7830a1011","title":{"rendered":"RM7830A1011"},"content":{"rendered":"<div class=\"celular overview\">\n<div class=\"cuerpo\">\n<div class=\"descripcion\">\n<p class=\"ng-binding\"><span style=\"font-size: 14pt;\">El Honeywell EC \/ RM7830A y EC \/ RM7850A son controles de quemador integrados basados en microprocesador para quemador autom\u00e1tico de gas, aceite o combustible combinado de un solo quemador modulaci\u00f3n completa (EC \/ RM7850A) o activada \/ desactivada (EC \/ RM7830A) aplicaciones. El EC \/ RM7830A; Sistema EC \/ RM7850A consta de un m\u00f3dulo de rel\u00e9, subbase, amplificador y purga tarjeta. Funciones provistas por EC \/ RM7830A y EC \/ RM7850A incluyen la secuencia autom\u00e1tica del quemador, la supervisi\u00f3n de llama, indicaci\u00f3n de estado del sistema, sistema o autodiagn\u00f3stico y soluci\u00f3n de problemas Voltaje y frecuencia: RM7830A y RM7850A: 120 VCA (+ 10 \/ -15%), 50\/60 Hz (\u00b1 10%).<\/span><\/p>\n<\/div>\n<\/div>\n<\/div>\n<div class=\"celular fotos\">\n<div class=\"boton\"><\/div>\n<div class=\"cuerpo\">\n<div class=\"arrow arrow-left\"><\/div>\n<div class=\"imagen fadeIn ng-scope\"><\/div>\n<\/div>\n<\/div>\n","protected":false},"excerpt":{"rendered":"<p>El Honeywell EC \/ RM7830A y EC \/ RM7850A son &hellip;<\/p>\n","protected":false},"featured_media":5812,"template":"","meta":[],"_links":{"self":[{"href":"https:\/\/fluogas.com\/index.php?rest_route=\/wp\/v2\/product\/5456"}],"collection":[{"href":"https:\/\/fluogas.com\/index.php?rest_route=\/wp\/v2\/product"}],"about":[{"href":"https:\/\/fluogas.com\/index.php?rest_route=\/wp\/v2\/types\/product"}],"version-history":[{"count":0,"href":"https:\/\/fluogas.com\/index.php?rest_route=\/wp\/v2\/product\/5456\/revisions"}],"wp:featuredmedia":[{"embeddable":true,"href":"https:\/\/fluogas.com\/index.php?rest_route=\/wp\/v2\/media\/5812"}],"wp:attachment":[{"href":"https:\/\/fluogas.com\/index.php?rest_route=%2Fwp%2Fv2%2Fmedia&parent=5456"}],"curies":[{"name":"wp","href":"https:\/\/api.w.org\/{rel}","templated":true}]}}