{"id":5448,"date":"2020-10-17T01:13:39","date_gmt":"2020-10-17T01:13:39","guid":{"rendered":"http:\/\/macher.ga\/fluogas\/?post_type=product&#038;p=5448"},"modified":"2020-10-19T23:43:14","modified_gmt":"2020-10-19T23:43:14","slug":"ec7895a1010","status":"publish","type":"product","link":"https:\/\/fluogas.com\/?product=ec7895a1010","title":{"rendered":"EC7895A1010"},"content":{"rendered":"<p><span style=\"font-size: 14pt;\">El Honeywell EC7895 \/ RM7895 \/ RM7896 es un control de quemador integrado basado en microprocesador para quemador autom\u00e1tico de gas, aceite o combustible combinado de un solo quemador aplicaciones. Un m\u00f3dulo de rel\u00e9, subbase, amplificador y purga Se requieren tarjetas para completar el sistema. El m\u00f3dulo de rel\u00e9s est\u00e1 programado para proporcionar un nivel de seguridad, capacidad funcional y caracter\u00edsticas m\u00e1s all\u00e1 de la capacidad de controles convencionales.<\/span><\/p>\n","protected":false},"excerpt":{"rendered":"<p>El Honeywell EC7895 \/ RM7895 \/ RM7896 es un control &hellip;<\/p>\n","protected":false},"featured_media":5812,"template":"","meta":[],"_links":{"self":[{"href":"https:\/\/fluogas.com\/index.php?rest_route=\/wp\/v2\/product\/5448"}],"collection":[{"href":"https:\/\/fluogas.com\/index.php?rest_route=\/wp\/v2\/product"}],"about":[{"href":"https:\/\/fluogas.com\/index.php?rest_route=\/wp\/v2\/types\/product"}],"version-history":[{"count":0,"href":"https:\/\/fluogas.com\/index.php?rest_route=\/wp\/v2\/product\/5448\/revisions"}],"wp:featuredmedia":[{"embeddable":true,"href":"https:\/\/fluogas.com\/index.php?rest_route=\/wp\/v2\/media\/5812"}],"wp:attachment":[{"href":"https:\/\/fluogas.com\/index.php?rest_route=%2Fwp%2Fv2%2Fmedia&parent=5448"}],"curies":[{"name":"wp","href":"https:\/\/api.w.org\/{rel}","templated":true}]}}