{"id":5444,"date":"2020-10-17T01:03:59","date_gmt":"2020-10-17T01:03:59","guid":{"rendered":"http:\/\/macher.ga\/fluogas\/?post_type=product&#038;p=5444"},"modified":"2020-10-19T23:44:15","modified_gmt":"2020-10-19T23:44:15","slug":"ec7840l1014","status":"publish","type":"product","link":"https:\/\/fluogas.com\/?product=ec7840l1014","title":{"rendered":"EC7840L1014"},"content":{"rendered":"<div class=\"celular overview\">\n<div class=\"cuerpo\">\n<div class=\"descripcion\">\n<p class=\"ng-binding\"><span style=\"font-size: 14pt;\">Los m\u00f3dulos de rel\u00e9s Honeywell RM7800L \/ 40L y EC7840L son controles de quemador integrados basados en microprocesador para quemador autom\u00e1tico de gas, aceite o combustible combinado de un solo quemador aplicaciones. Los m\u00f3dulos de rel\u00e9 RM7800L \/ 40L y EC7840L se usan para modulaci\u00f3n UL \/ CSA y modulaci\u00f3n FM \/ IRI aplicaciones de quemador. El sistema RM7800L \/ 40L, EC7840L consiste en un M\u00f3dulo de Rel\u00e9. M\u00f3dulos de pantalla de teclado (est\u00e1ndar con RM7800), cubierta antipolvo (est\u00e1ndar con RM7840 \/ EC7840L), subbase, amplificador y tarjeta de purga. Las funciones proporcionadas por RM7800L \/ 40L, EC7840L incluyen secuenciador autom\u00e1tico del quemador, supervisi\u00f3n de la llama, sistema indicaci\u00f3n de estado, sistema o autodiagn\u00f3stico y soluci\u00f3n de problemas. RM7800L1087 \/ RM7840G1022, L1075; Oferta EC7840L1014 la funci\u00f3n de prueba de Valve Proving.<\/span><\/p>\n<\/div>\n<\/div>\n<\/div>\n<div class=\"celular fotos\">\n<div class=\"boton\"><\/div>\n<div class=\"cuerpo\">\n<div class=\"arrow arrow-left\"><\/div>\n<div class=\"imagen fadeIn ng-scope\"><\/div>\n<div class=\"arrow arrow-right\"><\/div>\n<\/div>\n<\/div>\n","protected":false},"excerpt":{"rendered":"<p>Los m\u00f3dulos de rel\u00e9s Honeywell RM7800L \/ 40L y EC7840L &hellip;<\/p>\n","protected":false},"featured_media":5812,"template":"","meta":[],"_links":{"self":[{"href":"https:\/\/fluogas.com\/index.php?rest_route=\/wp\/v2\/product\/5444"}],"collection":[{"href":"https:\/\/fluogas.com\/index.php?rest_route=\/wp\/v2\/product"}],"about":[{"href":"https:\/\/fluogas.com\/index.php?rest_route=\/wp\/v2\/types\/product"}],"version-history":[{"count":0,"href":"https:\/\/fluogas.com\/index.php?rest_route=\/wp\/v2\/product\/5444\/revisions"}],"wp:featuredmedia":[{"embeddable":true,"href":"https:\/\/fluogas.com\/index.php?rest_route=\/wp\/v2\/media\/5812"}],"wp:attachment":[{"href":"https:\/\/fluogas.com\/index.php?rest_route=%2Fwp%2Fv2%2Fmedia&parent=5444"}],"curies":[{"name":"wp","href":"https:\/\/api.w.org\/{rel}","templated":true}]}}