{"id":5443,"date":"2020-10-17T01:01:44","date_gmt":"2020-10-17T01:01:44","guid":{"rendered":"http:\/\/macher.ga\/fluogas\/?post_type=product&#038;p=5443"},"modified":"2020-10-19T23:44:37","modified_gmt":"2020-10-19T23:44:37","slug":"ec7820a1026","status":"publish","type":"product","link":"https:\/\/fluogas.com\/?product=ec7820a1026","title":{"rendered":"EC7820A1026"},"content":{"rendered":"<div class=\"celular overview\">\n<div class=\"cuerpo\">\n<div class=\"descripcion\">\n<p class=\"ng-binding\"><span style=\"font-size: 14pt;\">El m\u00f3dulo de rel\u00e9s Honeywell EC7810 \/ EC7820A es uncontrol de quemador integrado basado en microprocesador para quemador autom\u00e1tico de gas, aceite o combinaci\u00f3n de combustible solo quemador atmosf\u00e9rico (EC7810A) o atmosf\u00e9rico con ventilador (EC7820A) aplicaciones. El sistema EC7810A \/ EC7820A consiste en m\u00f3dulo de rel\u00e9, subbase de cableado, amplificador y tarjeta de purga. los m\u00f3dulo de pantalla de teclado opcional (KDM) se puede montar en el m\u00f3dulo de rel\u00e9 o en la cara de una puerta del panel. El KDM puede tambi\u00e9n se puede montar de forma remota desde el panel si esto est\u00e1 aprobado para la aplicaci\u00f3n. El EC7810 \/ EC7820 est\u00e1 programado para proporcionar un nivel de seguridad, capacidad funcional y caracter\u00edsticas m\u00e1s all\u00e1 de la capacidad de controles convencionales. Las funciones b\u00e1sicas de EC7810 \/ EC7820A incluyen secuenciador autom\u00e1tico del quemador, supervisi\u00f3n de la llama, sistema indicaci\u00f3n de estado, sistema o autodiagn\u00f3stico y soluci\u00f3n de problemas.<\/span><\/p>\n<\/div>\n<\/div>\n<\/div>\n<div class=\"celular fotos\">\n<div class=\"boton\"><\/div>\n<div class=\"cuerpo\">\n<div class=\"arrow arrow-left\"><\/div>\n<div class=\"imagen fadeIn ng-scope\"><\/div>\n<\/div>\n<\/div>\n","protected":false},"excerpt":{"rendered":"<p>El m\u00f3dulo de rel\u00e9s Honeywell EC7810 \/ EC7820A es uncontrol &hellip;<\/p>\n","protected":false},"featured_media":5812,"template":"","meta":[],"_links":{"self":[{"href":"https:\/\/fluogas.com\/index.php?rest_route=\/wp\/v2\/product\/5443"}],"collection":[{"href":"https:\/\/fluogas.com\/index.php?rest_route=\/wp\/v2\/product"}],"about":[{"href":"https:\/\/fluogas.com\/index.php?rest_route=\/wp\/v2\/types\/product"}],"version-history":[{"count":0,"href":"https:\/\/fluogas.com\/index.php?rest_route=\/wp\/v2\/product\/5443\/revisions"}],"wp:featuredmedia":[{"embeddable":true,"href":"https:\/\/fluogas.com\/index.php?rest_route=\/wp\/v2\/media\/5812"}],"wp:attachment":[{"href":"https:\/\/fluogas.com\/index.php?rest_route=%2Fwp%2Fv2%2Fmedia&parent=5443"}],"curies":[{"name":"wp","href":"https:\/\/api.w.org\/{rel}","templated":true}]}}