{"id":54,"date":"2020-09-10T20:12:12","date_gmt":"2020-09-10T20:12:12","guid":{"rendered":"http:\/\/macher.ga\/fluogas\/?post_type=product&#038;p=54"},"modified":"2020-10-20T19:13:16","modified_gmt":"2020-10-20T19:13:16","slug":"serie-bzv6","status":"publish","type":"product","link":"https:\/\/fluogas.com\/?product=serie-bzv6","title":{"rendered":"Serie BZV6"},"content":{"rendered":"<div id=\"showMoreText3\" class=\"honShowMore\">\n<p>Los interruptores l\u00edmite de uso medio Series\u00a0E6\/V6 MICRO SWITCH de Honeywell est\u00e1n dise\u00f1ados para una gran variedad de aplicaciones en interiores y al aire libre. La capa de resina epoxi electrost\u00e1tica aplicada a las carcasas de zinc aumenta la durabilidad del producto en la mayor\u00eda de los ambientes. La familia de interruptores E6\/V6 incorpora el elemento conmutador BZ MICRO SWITCH de Honeywell, que posee un mecanismo de resorte de sujeci\u00f3n confiable con m\u00e1s de 60\u00a0a\u00f1os de servicio comprobado. Los interruptores Serie E6 cuentan con un montaje lateral, mientras que los interruptores Serie V6 tienen un montaje con brida.<\/p>\n<p>Se prefieren los interruptores sellados de las Series\u00a0E6\/V6 (actuadores con sellado) para aplicaciones en ambientes que podr\u00edan estar expuestos a l\u00edquidos o part\u00edculas. Los interruptores Series\u00a0E6\/V6 (actuadores sin sellado de goma) de uso general son ideales para aplicaciones en ambientes en los que no hay exposici\u00f3n a l\u00edquidos ni a polvo. El tama\u00f1o compacto de estos interruptores l\u00edmite de carrera permite la instalaci\u00f3n en equipos con espacio limitado. La mayor\u00eda de los c\u00f3digos de cat\u00e1logo E6\/V6 SPDT (unipolar de doble tiro) cuentan con certificaci\u00f3n\u00a0UL, CSA y CE, mientras que los c\u00f3digos de cat\u00e1logo E6\/V6 DPDT (bipolar de doble tiro) cuentan con certificaci\u00f3n\u00a0UL y CSA.<\/p>\n<\/div>\n","protected":false},"excerpt":{"rendered":"<p>Los interruptores l\u00edmite de uso medio Series\u00a0E6\/V6 MICRO SWITCH de Honeywell est\u00e1n dise\u00f1ados para una gran variedad de aplicaciones en interiores y al aire libre. La capa de resina epoxi electrost\u00e1tica aplicada a las carcasas de zinc aumenta la durabilidad del producto en la mayor\u00eda de los ambientes.<\/p>\n","protected":false},"featured_media":6034,"template":"","meta":[],"_links":{"self":[{"href":"https:\/\/fluogas.com\/index.php?rest_route=\/wp\/v2\/product\/54"}],"collection":[{"href":"https:\/\/fluogas.com\/index.php?rest_route=\/wp\/v2\/product"}],"about":[{"href":"https:\/\/fluogas.com\/index.php?rest_route=\/wp\/v2\/types\/product"}],"version-history":[{"count":0,"href":"https:\/\/fluogas.com\/index.php?rest_route=\/wp\/v2\/product\/54\/revisions"}],"wp:featuredmedia":[{"embeddable":true,"href":"https:\/\/fluogas.com\/index.php?rest_route=\/wp\/v2\/media\/6034"}],"wp:attachment":[{"href":"https:\/\/fluogas.com\/index.php?rest_route=%2Fwp%2Fv2%2Fmedia&parent=54"}],"curies":[{"name":"wp","href":"https:\/\/api.w.org\/{rel}","templated":true}]}}