{"id":5310,"date":"2020-09-10T23:17:18","date_gmt":"2020-09-10T23:17:18","guid":{"rendered":"http:\/\/macher.ga\/fluogas\/?post_type=product&#038;p=203"},"modified":"2020-10-20T15:21:14","modified_gmt":"2020-10-20T15:21:14","slug":"serie-sm-2","status":"publish","type":"product","link":"https:\/\/fluogas.com\/?product=serie-sm-2","title":{"rendered":"Serie SM"},"content":{"rendered":"<p>Se combina el tama\u00f1o compacto y peso ligero de la Serie\u00a0SM MICRO SWITCH con una amplia capacidad el\u00e9ctrica, funcionamiento de precisi\u00f3n y una vida \u00fatil prolongada. Con alta precisi\u00f3n y repetibilidad, la Serie\u00a0SM ofrece contactos de oro para interruptores de baja potencia y contactos de oro bifurcados para una m\u00e1xima fiabilidad. Los contactos bifurcados brindan redundancia en paralelo dentro del interruptor\u00a0SM. El interruptor SM est\u00e1 disponible para conmutaci\u00f3n de uso intensivo de hasta 11\u00a0A (V\u00a0CA) o 1\/4\u00a0HP (V\u00a0CA).<\/p>\n","protected":false},"excerpt":{"rendered":"<p>Se combina el tama\u00f1o compacto y peso ligero de la Serie\u00a0SM MICRO SWITCH con una amplia capacidad el\u00e9ctrica, funcionamiento de precisi\u00f3n y una vida \u00fatil prolongada.<\/p>\n","protected":false},"featured_media":5975,"template":"","meta":[],"_links":{"self":[{"href":"https:\/\/fluogas.com\/index.php?rest_route=\/wp\/v2\/product\/5310"}],"collection":[{"href":"https:\/\/fluogas.com\/index.php?rest_route=\/wp\/v2\/product"}],"about":[{"href":"https:\/\/fluogas.com\/index.php?rest_route=\/wp\/v2\/types\/product"}],"version-history":[{"count":0,"href":"https:\/\/fluogas.com\/index.php?rest_route=\/wp\/v2\/product\/5310\/revisions"}],"wp:featuredmedia":[{"embeddable":true,"href":"https:\/\/fluogas.com\/index.php?rest_route=\/wp\/v2\/media\/5975"}],"wp:attachment":[{"href":"https:\/\/fluogas.com\/index.php?rest_route=%2Fwp%2Fv2%2Fmedia&parent=5310"}],"curies":[{"name":"wp","href":"https:\/\/api.w.org\/{rel}","templated":true}]}}