{"id":5299,"date":"2020-09-10T22:51:25","date_gmt":"2020-09-10T22:51:25","guid":{"rendered":"http:\/\/macher.ga\/fluogas\/?post_type=product&#038;p=182"},"modified":"2020-10-21T01:42:10","modified_gmt":"2020-10-21T01:42:10","slug":"serie-ac","status":"publish","type":"product","link":"https:\/\/fluogas.com\/?product=serie-ac","title":{"rendered":"Serie AC"},"content":{"rendered":"<div id=\"showMoreText3\" class=\"honShowMore\">\n<p>Cuando la aplicaci\u00f3n es m\u00e1s compleja que lo que un simple interruptor \u201cindependiente\u201d puede proporcionar, tenga en cuenta al interruptor de puerta Serie\u00a0AC\u00a0MICRO SWITCH. El montaje del interruptor de la Serie\u00a0AC controla la posici\u00f3n de una puerta o panel de servicio, ya sea que est\u00e9 \u201ccerrada\u201d o \u201cabierta\u201d. Los interruptores de la Serie\u00a0AC cuentan con un montaje de interruptor compacto dise\u00f1ado para aplicaciones en equipos, desde puertas o paneles de m\u00e1quinas expendedoras hasta monitoreo de puertas de remolques y puertas o paneles militares. Cuando est\u00e1 abierto el equipo (puerta o panel, etc.) que est\u00e1 conectado el\u00e9ctricamente a trav\u00e9s del interruptor de la Serie\u00a0AC, la acci\u00f3n del interruptor Serie\u00a0AC desconecta la alimentaci\u00f3n el\u00e9ctrica. El interruptor de la Serie\u00a0AC puede brindar una se\u00f1al el\u00e9ctrica a un circuito anunciador como una luz o bocina que indica que la puerta o el panel est\u00e1n abiertos. Otra funci\u00f3n com\u00fan de la mayor\u00eda de los montajes de interruptores de la Serie\u00a0AC es una posici\u00f3n de paso a modo manual, que permite que la puerta de servicio permanezca abierta y aun as\u00ed aplicar potencia el\u00e9ctrica a trav\u00e9s del montaje del interruptor. La posici\u00f3n del interruptor de paso a modo manual podr\u00eda ser de utilidad en equipos para la resoluci\u00f3n de problemas, seg\u00fan sea necesario.<\/p>\n<p>Los montajes de interruptores de la Serie\u00a0AC est\u00e1n disponibles con hasta cuatro elementos conmutadores que pueden brindar salidas discretas seg\u00fan sean requeridas para los circuitos indicadores o de control. Ciertos c\u00f3digos de cat\u00e1logo est\u00e1n disponibles con la certificaci\u00f3n de UL y CSA. Cuando la aplicaci\u00f3n es militar, los c\u00f3digos de cat\u00e1logo est\u00e1n disponibles con un n\u00famero de parte de especificaci\u00f3n militar.<\/p>\n<\/div>\n","protected":false},"excerpt":{"rendered":"<p>Cuando la aplicaci\u00f3n es m\u00e1s compleja que lo que un simple interruptor \u201cindependiente\u201d puede proporcionar, tenga en cuenta al interruptor de puerta Serie\u00a0AC\u00a0MICRO SWITCH.<\/p>\n","protected":false},"featured_media":6189,"template":"","meta":[],"_links":{"self":[{"href":"https:\/\/fluogas.com\/index.php?rest_route=\/wp\/v2\/product\/5299"}],"collection":[{"href":"https:\/\/fluogas.com\/index.php?rest_route=\/wp\/v2\/product"}],"about":[{"href":"https:\/\/fluogas.com\/index.php?rest_route=\/wp\/v2\/types\/product"}],"version-history":[{"count":1,"href":"https:\/\/fluogas.com\/index.php?rest_route=\/wp\/v2\/product\/5299\/revisions"}],"predecessor-version":[{"id":6190,"href":"https:\/\/fluogas.com\/index.php?rest_route=\/wp\/v2\/product\/5299\/revisions\/6190"}],"wp:featuredmedia":[{"embeddable":true,"href":"https:\/\/fluogas.com\/index.php?rest_route=\/wp\/v2\/media\/6189"}],"wp:attachment":[{"href":"https:\/\/fluogas.com\/index.php?rest_route=%2Fwp%2Fv2%2Fmedia&parent=5299"}],"curies":[{"name":"wp","href":"https:\/\/api.w.org\/{rel}","templated":true}]}}