{"id":5295,"date":"2020-09-10T21:10:51","date_gmt":"2020-09-10T21:10:51","guid":{"rendered":"http:\/\/macher.ga\/fluogas\/?post_type=product&amp;p=109"},"modified":"2020-09-10T21:10:51","modified_gmt":"2020-09-10T21:10:51","slug":"interruptor-basico-a-prueba-de-explosiones-serie-v15w2","status":"publish","type":"product","link":"https:\/\/fluogas.com\/?product=interruptor-basico-a-prueba-de-explosiones-serie-v15w2","title":{"rendered":"Interruptor b\u00e1sico a prueba de explosiones serie V15W2"},"content":{"rendered":"<p>A nivel mundial, las modificaciones realizadas a los refrigerantes para disminuir el potencial del calentamiento global impulsan a los fabricantes a introducir nuevos requisitos y dise\u00f1os, lo que permite contar con refrigerantes inflamables alternativos m\u00e1s seguros. El interruptor b\u00e1sico V15W2 de Honeywell cuenta con la homologaci\u00f3n IEC Ex para poder ser utilizado en entornos explosivos. Proporciona seguridad, rendimiento repetible del interruptor en aplicaciones de alto volumen.<\/p>\n","protected":false},"excerpt":{"rendered":"<p>A nivel mundial, las modificaciones realizadas a los refrigerantes para disminuir el potencial del calentamiento global impulsan a los fabricantes a introducir nuevos requisitos y dise\u00f1os, lo que permite contar con refrigerantes inflamables alternativos m\u00e1s seguros.<\/p>\n","protected":false},"featured_media":0,"template":"","meta":[],"_links":{"self":[{"href":"https:\/\/fluogas.com\/index.php?rest_route=\/wp\/v2\/product\/5295"}],"collection":[{"href":"https:\/\/fluogas.com\/index.php?rest_route=\/wp\/v2\/product"}],"about":[{"href":"https:\/\/fluogas.com\/index.php?rest_route=\/wp\/v2\/types\/product"}],"version-history":[{"count":0,"href":"https:\/\/fluogas.com\/index.php?rest_route=\/wp\/v2\/product\/5295\/revisions"}],"wp:attachment":[{"href":"https:\/\/fluogas.com\/index.php?rest_route=%2Fwp%2Fv2%2Fmedia&parent=5295"}],"curies":[{"name":"wp","href":"https:\/\/api.w.org\/{rel}","templated":true}]}}