{"id":5294,"date":"2020-09-10T21:04:57","date_gmt":"2020-09-10T21:04:57","guid":{"rendered":"http:\/\/macher.ga\/fluogas\/?post_type=product&#038;p=102"},"modified":"2020-10-20T18:49:07","modified_gmt":"2020-10-20T18:49:07","slug":"serie-vpx","status":"publish","type":"product","link":"https:\/\/fluogas.com\/?product=serie-vpx","title":{"rendered":"Serie VPX"},"content":{"rendered":"<div id=\"showMoreText3\" class=\"honShowMore\">\n<p>Los interruptores CX MICRO SWITCH est\u00e1n construidos especialmente para ser usados en atm\u00f3sferas peligrosas en exteriores. Estos cuerpos est\u00e1n construidos para soportar la presi\u00f3n de una explosi\u00f3n interna. La trayectoria de las llamas enfr\u00edan los gases explotados a una temperatura inferior a la temperatura de funcionamiento seguro m\u00e1s baja del gas circundante.<\/p>\n<p>Los interruptores Serie 80CX\u00a0MICRO SWITCH tienen una carcasa de bronce resistente que est\u00e1 dise\u00f1ada para soportar agua salada y otros ambientes corrosivos. Estos cumplen los requisitos NEMA 4X de protecci\u00f3n contra la corrosi\u00f3n, adem\u00e1s de los est\u00e1ndares de carcasa NEMA satisfechos por otros interruptores\u00a0CX.<\/p>\n<p>Las junta t\u00f3ricas del producto hacen que la carcasa sea a prueba de factores clim\u00e1ticos, pero est\u00e1n por fuera de la trayectoria de las llamas requeridas, as\u00ed se mantienen los requisitos a prueba de explosiones. A menos que se solicite de forma especial, todos los interruptores b\u00e1sicos funcionan con rotaci\u00f3n en sentido horario o antihorario. El mecanismo de activaci\u00f3n puede ajustarse en campo para funcionar en sentido horario o antihorario \u00fanicamente. No se requieren herramientas.<\/p>\n<\/div>\n","protected":false},"excerpt":{"rendered":"<p>Los interruptores CX MICRO SWITCH est\u00e1n construidos especialmente para ser usados en atm\u00f3sferas peligrosas en exteriores. Estos cuerpos est\u00e1n construidos para soportar la presi\u00f3n de una explosi\u00f3n interna. La trayectoria de las llamas enfr\u00edan los gases explotados a una temperatura inferior a la temperatura de funcionamiento seguro m\u00e1s baja del gas circundante.<\/p>\n","protected":false},"featured_media":6005,"template":"","meta":[],"_links":{"self":[{"href":"https:\/\/fluogas.com\/index.php?rest_route=\/wp\/v2\/product\/5294"}],"collection":[{"href":"https:\/\/fluogas.com\/index.php?rest_route=\/wp\/v2\/product"}],"about":[{"href":"https:\/\/fluogas.com\/index.php?rest_route=\/wp\/v2\/types\/product"}],"version-history":[{"count":1,"href":"https:\/\/fluogas.com\/index.php?rest_route=\/wp\/v2\/product\/5294\/revisions"}],"predecessor-version":[{"id":6008,"href":"https:\/\/fluogas.com\/index.php?rest_route=\/wp\/v2\/product\/5294\/revisions\/6008"}],"wp:featuredmedia":[{"embeddable":true,"href":"https:\/\/fluogas.com\/index.php?rest_route=\/wp\/v2\/media\/6005"}],"wp:attachment":[{"href":"https:\/\/fluogas.com\/index.php?rest_route=%2Fwp%2Fv2%2Fmedia&parent=5294"}],"curies":[{"name":"wp","href":"https:\/\/api.w.org\/{rel}","templated":true}]}}