{"id":51,"date":"2020-09-10T20:05:40","date_gmt":"2020-09-10T20:05:40","guid":{"rendered":"http:\/\/macher.ga\/fluogas\/?post_type=product&amp;p=51"},"modified":"2020-09-10T20:05:40","modified_gmt":"2020-09-10T20:05:40","slug":"serie-hdls-completamente-reforzada","status":"publish","type":"product","link":"https:\/\/fluogas.com\/?product=serie-hdls-completamente-reforzada","title":{"rendered":"Serie HDLS completamente reforzada"},"content":{"rendered":"<div id=\"showMoreText3\" class=\"honShowMore\">\n<p>Los interruptores l\u00edmite de uso intensivo HDLS MICRO SWITCH completamente reforzados brindan un grado adicional de protecci\u00f3n en ambientes hostiles mediante el sellado de la cavidad del interruptor b\u00e1sico con resina epoxi. Estos interruptores son los mismos que los HDLS no conectables, excepto que toda la cavidad del interruptor est\u00e1 rellena con resina epoxi, adem\u00e1s de la entrada del conducto. Los interruptores HDLS completamente reforzado est\u00e1n prehilados, ya sea con cable o con conectores.<\/p>\n<ul>\n<li>Excelente capacidad de sellado para soportar el uso hostil de lavados de alimentos y bebidas y entornos con m\u00e1quinas herramienta de uso intensivo.<\/li>\n<li>Diafragma de sellado<\/li>\n<li>Versi\u00f3n con cable STOOW-A de 12\u00a0in (otras longitudes disponibles) o versi\u00f3n con conector<\/li>\n<li>Versiones de cable: NEMA 1, 6, 6P, 12<\/li>\n<li>Versiones de conector: NEMA 1, 6, 6P, 12, 13<\/li>\n<li>Todos sellos de fluorocarbono (disponibilidad de sellos de fluorosilicona para bajas temperaturas)<\/li>\n<li>UL, CSA, CE, CCC<\/li>\n<\/ul>\n<\/div>\n","protected":false},"excerpt":{"rendered":"<p>Los interruptores l\u00edmite de uso intensivo HDLS MICRO SWITCH completamente reforzados brindan un grado adicional de protecci\u00f3n en ambientes hostiles mediante el sellado de la cavidad del interruptor b\u00e1sico con resina epoxi.<\/p>\n","protected":false},"featured_media":0,"template":"","meta":[],"_links":{"self":[{"href":"https:\/\/fluogas.com\/index.php?rest_route=\/wp\/v2\/product\/51"}],"collection":[{"href":"https:\/\/fluogas.com\/index.php?rest_route=\/wp\/v2\/product"}],"about":[{"href":"https:\/\/fluogas.com\/index.php?rest_route=\/wp\/v2\/types\/product"}],"version-history":[{"count":0,"href":"https:\/\/fluogas.com\/index.php?rest_route=\/wp\/v2\/product\/51\/revisions"}],"wp:attachment":[{"href":"https:\/\/fluogas.com\/index.php?rest_route=%2Fwp%2Fv2%2Fmedia&parent=51"}],"curies":[{"name":"wp","href":"https:\/\/api.w.org\/{rel}","templated":true}]}}