{"id":4963,"date":"2020-09-23T20:38:54","date_gmt":"2020-09-23T20:38:54","guid":{"rendered":"http:\/\/macher.ga\/fluogas\/?post_type=product&#038;p=4963"},"modified":"2020-10-20T00:40:58","modified_gmt":"2020-10-20T00:40:58","slug":"honeywell-bw-solo","status":"publish","type":"product","link":"https:\/\/fluogas.com\/?product=honeywell-bw-solo","title":{"rendered":"Honeywell BW \u2122 Solo"},"content":{"rendered":"<p>Honeywell BW \u2122 Solo es un detector de un solo gas de f\u00e1cil mantenimiento con conectividad BLE que brinda visibilidad en tiempo real del estado y la seguridad de los trabajadores en \u00e1reas peligrosas, lo que ayuda a las empresas a responder m\u00e1s r\u00e1pido, con m\u00e1s conocimiento y decisi\u00f3n a los incidentes de seguridad.<\/p>\n<p>Los datos del detector o su estaci\u00f3n de acoplamiento IntelliDox se pueden descargar a una PC, donde se pueden agregar y administrar a trav\u00e9s de la plataforma de software Safety Suite de Honeywell para automatizar tareas clave de cumplimiento como la administraci\u00f3n de registros regulatorios.\u00a0Puede detectar hasta 14 gases comunes y ex\u00f3ticos seleccionados por el usuario.\u00a0La operaci\u00f3n f\u00e1cil de usar, la conveniencia liviana y la facilidad de mantenimiento y facilidad de servicio pueden reducir el costo de propiedad a largo plazo de un sistema de monitoreo de gas.<\/p>\n","protected":false},"excerpt":{"rendered":"<p>Honeywell BW \u2122 Solo es un detector de un solo gas de f\u00e1cil mantenimiento con conectividad BLE que brinda visibilidad en tiempo real del estado y la seguridad de los trabajadores en \u00e1reas peligrosas, lo que ayuda a las empresas a responder m\u00e1s r\u00e1pido, con m\u00e1s conocimiento y decisi\u00f3n a los incidentes de seguridad.<\/p>\n","protected":false},"featured_media":5848,"template":"","meta":[],"_links":{"self":[{"href":"https:\/\/fluogas.com\/index.php?rest_route=\/wp\/v2\/product\/4963"}],"collection":[{"href":"https:\/\/fluogas.com\/index.php?rest_route=\/wp\/v2\/product"}],"about":[{"href":"https:\/\/fluogas.com\/index.php?rest_route=\/wp\/v2\/types\/product"}],"version-history":[{"count":1,"href":"https:\/\/fluogas.com\/index.php?rest_route=\/wp\/v2\/product\/4963\/revisions"}],"predecessor-version":[{"id":5850,"href":"https:\/\/fluogas.com\/index.php?rest_route=\/wp\/v2\/product\/4963\/revisions\/5850"}],"wp:featuredmedia":[{"embeddable":true,"href":"https:\/\/fluogas.com\/index.php?rest_route=\/wp\/v2\/media\/5848"}],"wp:attachment":[{"href":"https:\/\/fluogas.com\/index.php?rest_route=%2Fwp%2Fv2%2Fmedia&parent=4963"}],"curies":[{"name":"wp","href":"https:\/\/api.w.org\/{rel}","templated":true}]}}