{"id":4961,"date":"2020-09-23T20:33:57","date_gmt":"2020-09-23T20:33:57","guid":{"rendered":"http:\/\/macher.ga\/fluogas\/?post_type=product&#038;p=4961"},"modified":"2020-10-20T01:13:39","modified_gmt":"2020-10-20T01:13:39","slug":"sistema-de-monitoreo-de-gas-centralizado-acm-150-ft-ir","status":"publish","type":"product","link":"https:\/\/fluogas.com\/?product=sistema-de-monitoreo-de-gas-centralizado-acm-150-ft-ir","title":{"rendered":"Sistema de monitoreo de gas centralizado ACM 150 FT-IR"},"content":{"rendered":"<p>ACM 150 le ofrece la \u00faltima tecnolog\u00eda FT-IR dentro de un sistema de monitoreo de gas centralizado para ofrecerle muchas ventajas:<\/p>\n<ul>\n<li>Se pueden ubicar hasta 40 puntos de medici\u00f3n de forma centralizada en un dispositivo, como herramientas de proceso, unidades de almacenamiento de gases y qu\u00edmicos, gabinetes de gas, cajas de distribuci\u00f3n, herramientas de proceso, medici\u00f3n de emisiones y monitoreo del aire ambiente.<\/li>\n<li>Se pueden detectar hasta 15 gases por punto de medici\u00f3n, lo que reduce el costo por gas por monitoreo de punto.<\/li>\n<li>La programaci\u00f3n de autodiagn\u00f3stico detecta fallas y alarmas cr\u00edticas, eliminando muchas llamadas de mantenimiento.<\/li>\n<li>Las opciones de comunicaciones satisfacen los requisitos \u00fanicos de su sitio (Lonworks\u00ae, ControlNet \u2122, Modbus\u00ae, Profibus\u00ae)<\/li>\n<\/ul>\n<p><strong>Rendimiento mejorado de detecci\u00f3n de gas<\/strong><br \/>\nEl ACM 150 se adapta a las mayores demandas de productividad de su empresa con un banco FT-IR de nuevo dise\u00f1o que proporciona un mejor rendimiento de LDL (l\u00edmite inferior detectable) para muchos gases junto con menores requisitos de mantenimiento y servicio durante la vida \u00fatil del instrumento.<\/p>\n<p>Elija el ACM 150 para mayor seguridad, mejor rendimiento y menor costo por monitoreo de punto.<\/p>\n<p><strong>Beneficios y caracter\u00edsticas adicionales<\/strong><\/p>\n<p><strong>Integre la detecci\u00f3n de gas en una sola unidad<\/strong><\/p>\n<ul>\n<li>Detecta pr\u00e1cticamente cualquier gas, qu\u00edmico u olor en un proceso industrial *<\/li>\n<li>Se pueden detectar secuencialmente hasta 40 puntos de medici\u00f3n<\/li>\n<li>80 puntos de rel\u00e9 configurables para una mayor flexibilidad<\/li>\n<\/ul>\n<p><strong>Reduzca los costos de monitoreo durante la vida \u00fatil del dispositivo<\/strong><\/p>\n<ul>\n<li>El cuerpo de aluminio sellado evita la entrada de humedad y protege los componentes internos cr\u00edticos<\/li>\n<li>El escaneo de infrarrojos doble garantiza un rendimiento confiable y reduce las falsas alarmas<\/li>\n<li>Los autodiagn\u00f3sticos \/ medici\u00f3n integrados optimizados eliminan la calibraci\u00f3n de gas in situ<\/li>\n<li>Ciclo de reemplazo de desecante de 3 a 5 a\u00f1os<\/li>\n<\/ul>\n<p><strong>Aumente el rendimiento del monitoreo de gas<\/strong><\/p>\n<ul>\n<li>El muestreo compuesto de hasta 4 puntos de medici\u00f3n proporciona una medici\u00f3n m\u00e1s r\u00e1pida<\/li>\n<li>La celda de gas de f\u00e1cil mantenimiento con estructura de acero inoxidable evita costosos tiempos de inactividad<\/li>\n<li>Un mejor rendimiento de SNR permite mediciones de LDL m\u00e1s bajas<\/li>\n<\/ul>\n<p><strong>Operaci\u00f3n de pantalla t\u00e1ctil simplificada<\/strong><\/p>\n<ul>\n<li>El procesador ultrarr\u00e1pido mejora el tiempo de respuesta<\/li>\n<li>Interfaz de pantalla t\u00e1ctil grande y f\u00e1cil de usar<\/li>\n<li>Opciones de comunicaciones flexibles<\/li>\n<\/ul>\n<p>* Consulte la Lista de gas ACM 150\/100 o pregunte a su representante de ventas regional para obtener m\u00e1s informaci\u00f3n.\u00a0M\u00e1s de doscientos gases detectables.\u00a0Nuestros ingenieros pueden generar un nuevo m\u00e9todo para gases que no figuran en la lista.<\/p>\n","protected":false},"excerpt":{"rendered":"<p>Detecci\u00f3n de gas multipunto para mayor seguridad y mejor rendimiento<\/p>\n","protected":false},"featured_media":5851,"template":"","meta":[],"_links":{"self":[{"href":"https:\/\/fluogas.com\/index.php?rest_route=\/wp\/v2\/product\/4961"}],"collection":[{"href":"https:\/\/fluogas.com\/index.php?rest_route=\/wp\/v2\/product"}],"about":[{"href":"https:\/\/fluogas.com\/index.php?rest_route=\/wp\/v2\/types\/product"}],"version-history":[{"count":0,"href":"https:\/\/fluogas.com\/index.php?rest_route=\/wp\/v2\/product\/4961\/revisions"}],"wp:featuredmedia":[{"embeddable":true,"href":"https:\/\/fluogas.com\/index.php?rest_route=\/wp\/v2\/media\/5851"}],"wp:attachment":[{"href":"https:\/\/fluogas.com\/index.php?rest_route=%2Fwp%2Fv2%2Fmedia&parent=4961"}],"curies":[{"name":"wp","href":"https:\/\/api.w.org\/{rel}","templated":true}]}}