{"id":4959,"date":"2020-09-23T20:31:32","date_gmt":"2020-09-23T20:31:32","guid":{"rendered":"http:\/\/macher.ga\/fluogas\/?post_type=product&#038;p=4959"},"modified":"2020-10-20T01:14:05","modified_gmt":"2020-10-20T01:14:05","slug":"detector-de-incendios-de-alerta-temprana-por-aspiracion-faast","status":"publish","type":"product","link":"https:\/\/fluogas.com\/?product=detector-de-incendios-de-alerta-temprana-por-aspiracion-faast","title":{"rendered":"Detector de incendios de alerta temprana por aspiraci\u00f3n FAAST"},"content":{"rendered":"<p>FAAST (Tecnolog\u00eda de detecci\u00f3n de aspiraci\u00f3n de alarma contra incendios) proporciona una alarma y detecci\u00f3n de alerta muy temprana extremadamente sensible y precisa, lo que brinda a los administradores de instalaciones un tiempo precioso para tomar las medidas adecuadas para mantener la continuidad comercial antes de que ocurra un desastre.\u00a0FAAST es tan preciso que puede discernir las part\u00edculas molestas como el polvo, lo que reduce los incidentes de falsas alarmas que provocan un costoso tiempo de inactividad y una activaci\u00f3n injustificada de los sistemas de supresi\u00f3n conectados.<\/p>\n<p>Como detector de aspiraci\u00f3n, FAAST extrae muestras de aire en su sensor a trav\u00e9s de una red de tuber\u00edas, lo que permite que el detector proporcione una detecci\u00f3n precisa incluso en entornos desafiantes, como temperaturas fluctuantes.\u00a0Su rendimiento de detecci\u00f3n de humo se basa en su exclusiva tecnolog\u00eda de detecci\u00f3n de visi\u00f3n dual.\u00a0El sensor utiliza un LED azul extremadamente sensible para proporcionar una detecci\u00f3n muy temprana, hasta 60 minutos antes de la combusti\u00f3n.\u00a0El sensor tambi\u00e9n utiliza un l\u00e1ser infrarrojo para identificar molestias como el polvo que pueden causar falsas alarmas, tiempo de inactividad y activaci\u00f3n injustificada de los sistemas de supresi\u00f3n conectados.\u00a0El detector interpreta las se\u00f1ales de ambas fuentes para proporcionar la advertencia m\u00e1s temprana y precisa de la gama m\u00e1s amplia de incendios disponible.<\/p>\n<p>Para las comunicaciones, FAAST proporciona un puerto Ethernet integrado para una f\u00e1cil conexi\u00f3n a una computadora, una red e Internet, lo que permite a los administradores de las instalaciones monitorear y proteger activamente sus entornos desde cualquier navegador de Internet, tel\u00e9fono inteligente o dispositivo m\u00f3vil.\u00a0El detector tambi\u00e9n puede enviar notificaciones de estado por correo electr\u00f3nico a varias direcciones.<\/p>\n<p>FAAST permite una estrategia de detecci\u00f3n totalmente personalizada.\u00a0El detector incluye cinco niveles de alarma programables, el m\u00e1ximo de cualquier detector de aspiraci\u00f3n y 10 niveles de part\u00edculas de pre-alerta, por lo que se pueden establecer umbrales para cumplir con los requisitos espec\u00edficos del sitio.\u00a0Adem\u00e1s, un modo Acclimate puede ajustar autom\u00e1ticamente la sensibilidad de FAAST dentro de par\u00e1metros espec\u00edficos.\u00a0Por ejemplo, si el uso de un \u00e1rea protegida var\u00eda, el detector se ajustar\u00e1 para proporcionar la sensibilidad adecuada para adaptarse a las condiciones ambientales actuales.\u00a0Los niveles de sensibilidad tambi\u00e9n se pueden programar seg\u00fan un horario.\u00a0Esta precisi\u00f3n permite a los administradores de instalaciones montar una respuesta adecuada.<\/p>\n<p><strong>Caracter\u00edsticas y beneficios adicionales:<\/strong><\/p>\n<ul>\n<li>Detecci\u00f3n \u00f3ptica de humo de fuente dual (LED azul y l\u00e1ser infrarrojo) con algoritmos avanzados que detectan una amplia gama de incendios al tiempo que mantienen una mayor inmunidad a las part\u00edculas molestas<\/li>\n<li>Detecci\u00f3n tan precisa como 0.00046% \/ ft de oscurecimiento<\/li>\n<li>Cinco niveles de alarma y dos modos de sensibilidad<\/li>\n<li>Detecci\u00f3n de flujo dual que incluye detecci\u00f3n ultras\u00f3nica y electr\u00f3nica para la medici\u00f3n del flujo de aire de la tuber\u00eda y la c\u00e1mara<\/li>\n<li>Un dispositivo protege hasta 8,000 pies cuadrados.<\/li>\n<li>Los algoritmos de detecci\u00f3n avanzados rechazan condiciones molestas comunes<\/li>\n<li>El software PipeIQ \u2122 proporciona un control intuitivo sobre el dise\u00f1o, la configuraci\u00f3n y la supervisi\u00f3n del sistema<\/li>\n<li>Se pueden programar cinco niveles de alarma para rel\u00e9s con o sin bloqueo<\/li>\n<li>La interfaz Ethernet integrada permite el monitoreo remoto y las actualizaciones de estado por correo electr\u00f3nico a computadoras o dispositivos m\u00f3viles<\/li>\n<li>Los indicadores de fallas exhiben un amplio espectro de eventos<\/li>\n<li>El gr\u00e1fico de p\u00e9ndulo de flujo de aire \u00fanico verifica la funcionalidad de la red de tuber\u00edas<\/li>\n<li>El gr\u00e1fico de part\u00edculas muestra cambios ambientales sutiles para las primeras indicaciones de problemas<\/li>\n<\/ul>\n","protected":false},"excerpt":{"rendered":"<p>Proteja los recursos de misi\u00f3n cr\u00edtica prendi\u00e9ndose fuego antes de que se produzca la combusti\u00f3n, incluso antes de que haya rastros de humo.<\/p>\n","protected":false},"featured_media":5852,"template":"","meta":[],"_links":{"self":[{"href":"https:\/\/fluogas.com\/index.php?rest_route=\/wp\/v2\/product\/4959"}],"collection":[{"href":"https:\/\/fluogas.com\/index.php?rest_route=\/wp\/v2\/product"}],"about":[{"href":"https:\/\/fluogas.com\/index.php?rest_route=\/wp\/v2\/types\/product"}],"version-history":[{"count":0,"href":"https:\/\/fluogas.com\/index.php?rest_route=\/wp\/v2\/product\/4959\/revisions"}],"wp:featuredmedia":[{"embeddable":true,"href":"https:\/\/fluogas.com\/index.php?rest_route=\/wp\/v2\/media\/5852"}],"wp:attachment":[{"href":"https:\/\/fluogas.com\/index.php?rest_route=%2Fwp%2Fv2%2Fmedia&parent=4959"}],"curies":[{"name":"wp","href":"https:\/\/api.w.org\/{rel}","templated":true}]}}