{"id":4954,"date":"2020-09-23T20:24:34","date_gmt":"2020-09-23T20:24:34","guid":{"rendered":"http:\/\/macher.ga\/fluogas\/?post_type=product&#038;p=4954"},"modified":"2020-10-20T01:15:02","modified_gmt":"2020-10-20T01:15:02","slug":"detector-de-gases-toxicos-chemkey-tld","status":"publish","type":"product","link":"https:\/\/fluogas.com\/?product=detector-de-gases-toxicos-chemkey-tld","title":{"rendered":"Detector de gases t\u00f3xicos ChemKey TLD"},"content":{"rendered":"<p>El monitor de gases t\u00f3xicos ChemKey \u2122 TLD proporciona una soluci\u00f3n confiable tanto para la respuesta de emergencia como para la detecci\u00f3n de gases en \u00e1reas fijas de manera rentable.<\/p>\n<div><\/div>\n<div>Utilizando el exclusivo sistema de selecci\u00f3n de gas ChemKey \u2122, un \u00fanico monitor es capaz de monitorizar m\u00e1s de 50 gases diferentes con s\u00f3lo un cambio de ChemKey \u2122 y Chemcassette\u00a0<sup>\u00ae<\/sup>\u00a0.<\/div>\n<div><\/div>\n<div>Al igual que con todos los Chemcassette\u00a0<sup>\u00ae<\/sup>\u00a0productos basados, tiene la seguridad de la protecci\u00f3n espec\u00edfica de exposici\u00f3n r\u00e1pida, sensible y sustancia.\u00a0Nunca hay peligro de falsas alarmas o resultados inexactos causados \u200b\u200bpor otros qu\u00edmicos com\u00fanmente presentes.<\/div>\n<div><strong>Caracter\u00edsticas y beneficios adicionales:<\/strong><strong>Ventajas<\/strong><\/p>\n<ul>\n<li>Detecci\u00f3n de gases t\u00f3xicos port\u00e1til, flexible y sin interferencias<\/li>\n<li>Funciona con bater\u00eda o con l\u00ednea<\/li>\n<li>Exclusivo Chemcassette\u00a0<sup>\u00ae<\/sup>\u00a0detecci\u00f3n es espec\u00edfico de gas, la sensibilidad a niveles de ppb con evidencia f\u00edsica<\/li>\n<li>Bajo mantenimiento y sin calibraci\u00f3n de gas din\u00e1mica<\/li>\n<li>Variedad de salidas de se\u00f1ales para satisfacer las necesidades de monitoreo<\/li>\n<li>M\u00e1s de 50 gases disponibles, ChemKey \u2122 permite cambiar f\u00e1cilmente los gases objetivo<\/li>\n<\/ul>\n<p><strong>Aplicaciones<\/strong><\/p>\n<ul>\n<li>Equipos de respuesta a emergencias<\/li>\n<li>Proyectos de I + D + i<\/li>\n<li>Monitoreo temporal de instalaciones<\/li>\n<li>Encuestas de higiene industrial<\/li>\n<li>Remediaci\u00f3n de derrames<\/li>\n<li>Cuadrillas de mantenimiento de equipos<\/li>\n<\/ul>\n<\/div>\n","protected":false},"excerpt":{"rendered":"<div class=\"product-description-text\">Detector de gases t\u00f3xicos port\u00e1til, flexible y sin interferencias.<\/div>\n<div id=\"main_1_divFeaturesBenefitsHeading\" class=\"product-features-title\">caracter\u00edstica<\/div>\n","protected":false},"featured_media":5854,"template":"","meta":[],"_links":{"self":[{"href":"https:\/\/fluogas.com\/index.php?rest_route=\/wp\/v2\/product\/4954"}],"collection":[{"href":"https:\/\/fluogas.com\/index.php?rest_route=\/wp\/v2\/product"}],"about":[{"href":"https:\/\/fluogas.com\/index.php?rest_route=\/wp\/v2\/types\/product"}],"version-history":[{"count":1,"href":"https:\/\/fluogas.com\/index.php?rest_route=\/wp\/v2\/product\/4954\/revisions"}],"predecessor-version":[{"id":5859,"href":"https:\/\/fluogas.com\/index.php?rest_route=\/wp\/v2\/product\/4954\/revisions\/5859"}],"wp:featuredmedia":[{"embeddable":true,"href":"https:\/\/fluogas.com\/index.php?rest_route=\/wp\/v2\/media\/5854"}],"wp:attachment":[{"href":"https:\/\/fluogas.com\/index.php?rest_route=%2Fwp%2Fv2%2Fmedia&parent=4954"}],"curies":[{"name":"wp","href":"https:\/\/api.w.org\/{rel}","templated":true}]}}