{"id":4952,"date":"2020-09-23T20:22:07","date_gmt":"2020-09-23T20:22:07","guid":{"rendered":"http:\/\/macher.ga\/fluogas\/?post_type=product&#038;p=4952"},"modified":"2020-10-20T01:15:26","modified_gmt":"2020-10-20T01:15:26","slug":"monitor-de-gases-toxicos-cm4","status":"publish","type":"product","link":"https:\/\/fluogas.com\/?product=monitor-de-gases-toxicos-cm4","title":{"rendered":"Monitor de gases t\u00f3xicos CM4"},"content":{"rendered":"<p>Esta unidad CM4 representa lo \u00faltimo en soluciones libres de interferencias, de bajo mantenimiento y de bajo costo de propiedad para las industrias de semiconductores, farmac\u00e9utica y qu\u00edmica.<\/p>\n<p>Su tuber\u00eda de bajo perfil de 1\/4 &#8220;minimiza la intrusi\u00f3n en \u00e1reas de proceso, conductos, gabinetes de gas, etc. Hay una variedad de salidas de se\u00f1al disponibles que hacen del CM4 un producto verdaderamente flexible. Se instala f\u00e1cilmente en la mayor\u00eda de los sistemas de alarma de edificios.<\/p>\n<p>Una impresora y un gabinete de montaje en rack opcionales completan la gama de productos, lo que proporciona una c\u00f3moda carcasa y capacidad de documentaci\u00f3n.\u00a0La unidad es capaz de detectar m\u00e1s de 25 gases, algunos dentro de la misma familia (hidruros, minerales, \u00e1cidos, etc.)<\/p>\n<p><strong>Caracter\u00edsticas y beneficios adicionales:<\/strong><\/p>\n<p>\u2022\u00a0\u00a0\u00a0<strong>Monitoreo continuo en 4 puntos<\/strong><br \/>\nVigilancia total todo el tiempo<\/p>\n<p>\u2022\u00a0\u00a0\u00a0<strong>Tecnolog\u00eda Chemcassette\u00ae<br \/>\n<\/strong>\u00a0\u00a0\u00a0\u00a0M\u00e9todo confiable y sin interferencias que proporciona evidencia f\u00edsica de eventos<\/p>\n<p>\u2022\u00a0\u00a0\u00a0<strong>Salidas anal\u00f3gicas y en serie<\/strong><br \/>\nPermite una f\u00e1cil instalaci\u00f3n en pr\u00e1cticamente todos los<br \/>\nsistemas de\u00a0anuncio y apagado<\/p>\n<p>\u2022\u00a0\u00a0\u00a0<strong>Los <\/strong>monitores de <strong>distancia de muestreo de 300 &#8216;(90 m)<\/strong>\u00a0se pueden colocar convenientemente con una intrusi\u00f3n m\u00ednima de fab<\/p>\n<p>\u2022\u00a0\u00a0\u00a0<strong>Versiones de montaje en mesa, pared o bastidor<br \/>\n<\/strong>Flexibles para satisfacer cualquier requisito<\/p>\n<p>\u2022\u00a0\u00a0\u00a0<strong>Interfaz LonWorks\u00ae disponible<br \/>\n<\/strong>\u00a0Permite la comunicaci\u00f3n entre pares y un bajo costo de instalaci\u00f3n<\/p>\n<p>\u2022\u00a0\u00a0\u00a0<strong>Opci\u00f3n de impresora en serie<br \/>\n<\/strong>\u00a0Permite el archivo de todos los eventos importantes y configuraciones del sistema<\/p>\n<p>\u2022\u00a0\u00a0\u00a0<strong>Alarmas visuales y de audio integrales<br \/>\n<\/strong>\u00a0Identifica f\u00e1cilmente todos los eventos<\/p>\n","protected":false},"excerpt":{"rendered":"<p>Monitoreo continuo de gases t\u00f3xicos en 4 puntos usando Chemcasstte\u00ae.<\/p>\n","protected":false},"featured_media":5855,"template":"","meta":[],"_links":{"self":[{"href":"https:\/\/fluogas.com\/index.php?rest_route=\/wp\/v2\/product\/4952"}],"collection":[{"href":"https:\/\/fluogas.com\/index.php?rest_route=\/wp\/v2\/product"}],"about":[{"href":"https:\/\/fluogas.com\/index.php?rest_route=\/wp\/v2\/types\/product"}],"version-history":[{"count":1,"href":"https:\/\/fluogas.com\/index.php?rest_route=\/wp\/v2\/product\/4952\/revisions"}],"predecessor-version":[{"id":5860,"href":"https:\/\/fluogas.com\/index.php?rest_route=\/wp\/v2\/product\/4952\/revisions\/5860"}],"wp:featuredmedia":[{"embeddable":true,"href":"https:\/\/fluogas.com\/index.php?rest_route=\/wp\/v2\/media\/5855"}],"wp:attachment":[{"href":"https:\/\/fluogas.com\/index.php?rest_route=%2Fwp%2Fv2%2Fmedia&parent=4952"}],"curies":[{"name":"wp","href":"https:\/\/api.w.org\/{rel}","templated":true}]}}