{"id":4947,"date":"2020-09-23T20:17:03","date_gmt":"2020-09-23T20:17:03","guid":{"rendered":"http:\/\/macher.ga\/fluogas\/?post_type=product&#038;p=4947"},"modified":"2020-10-20T01:16:23","modified_gmt":"2020-10-20T01:16:23","slug":"spm-flex","status":"publish","type":"product","link":"https:\/\/fluogas.com\/?product=spm-flex","title":{"rendered":"SPM Flex"},"content":{"rendered":"<p>Ya sea que est\u00e9 respondiendo a una emergencia, investigando una fuga sospechada o realizando el mantenimiento de rutina de las herramientas, puede contar con SPM Flex de Honeywell Analytics para obtener una precisi\u00f3n inigualable, un funcionamiento intuitivo y una integraci\u00f3n flexible, incluso en entornos desafiantes.\u00a0Este monitor de cinta Chemcassette\u00ae port\u00e1til de un solo punto detecta los gases ultrasensibles inherentes a sus operaciones, incluidos hidruros, \u00e1cidos minerales, oxidantes y aminas.<\/p>\n","protected":false},"excerpt":{"rendered":"<p>Mejore la seguridad y la productividad con el detector de gas basado en cinta m\u00e1s flexible y f\u00e1cil de usar para sustancias t\u00f3xicas de bajo nivel<\/p>\n","protected":false},"featured_media":5857,"template":"","meta":[],"_links":{"self":[{"href":"https:\/\/fluogas.com\/index.php?rest_route=\/wp\/v2\/product\/4947"}],"collection":[{"href":"https:\/\/fluogas.com\/index.php?rest_route=\/wp\/v2\/product"}],"about":[{"href":"https:\/\/fluogas.com\/index.php?rest_route=\/wp\/v2\/types\/product"}],"version-history":[{"count":1,"href":"https:\/\/fluogas.com\/index.php?rest_route=\/wp\/v2\/product\/4947\/revisions"}],"predecessor-version":[{"id":5861,"href":"https:\/\/fluogas.com\/index.php?rest_route=\/wp\/v2\/product\/4947\/revisions\/5861"}],"wp:featuredmedia":[{"embeddable":true,"href":"https:\/\/fluogas.com\/index.php?rest_route=\/wp\/v2\/media\/5857"}],"wp:attachment":[{"href":"https:\/\/fluogas.com\/index.php?rest_route=%2Fwp%2Fv2%2Fmedia&parent=4947"}],"curies":[{"name":"wp","href":"https:\/\/api.w.org\/{rel}","templated":true}]}}