{"id":4945,"date":"2020-09-23T20:14:58","date_gmt":"2020-09-23T20:14:58","guid":{"rendered":"http:\/\/macher.ga\/fluogas\/?post_type=product&#038;p=4945"},"modified":"2020-10-20T01:16:50","modified_gmt":"2020-10-20T01:16:50","slug":"detector-de-llama-fs7","status":"publish","type":"product","link":"https:\/\/fluogas.com\/?product=detector-de-llama-fs7","title":{"rendered":"Detector de llama FS7"},"content":{"rendered":"<p>El detector de llama FS7 proporciona una respuesta inteligente de dos etapas a los incendios de banco h\u00famedo de semiconductores:<\/p>\n<p>Etapa 1: Alerta.\u00a0Esta es la respuesta de primera etapa a un peque\u00f1o incendio con una salida de energ\u00eda t\u00e9rmica de 3 kW (el equivalente a un incendio de una piscina de polipropileno de 4 pulgadas de di\u00e1metro).\u00a0Esto da tiempo para que el fuego se extinga por s\u00ed mismo.<\/p>\n<p>Etapa 2: Alarma.\u00a0Si el incendio no se autoextingue y crece hasta el umbral de energ\u00eda t\u00e9rmica especificado por Factory Mutual de 13 kW (el equivalente a un incendio de piscina de polipropileno de 8 pulgadas de di\u00e1metro), se activa la respuesta de segunda etapa.<\/p>\n<p>El FS7-2173 se utiliza con el controlador FS7-130-SX o el panel de control FSWB.\u00a0El controlador y el panel de control suministran energ\u00eda a los detectores, monitorean el estado de todos los detectores y se comunican con los detectores a trav\u00e9s del canal de comunicaci\u00f3n digital RS-485.\u00a0FS7-2173 se suministra con un conector de cable est\u00e1ndar de 20 pies.\u00a0Los detectores se conectan al controlador o panel de control mediante conectores de autobloqueo y cajas de conexiones.\u00a0Esto permite conexiones r\u00e1pidas y f\u00e1ciles que eliminan los problemas de cableado.\u00a0Cada detector puede almacenar hasta seis FirePics \u2122 (datos de matriz de sensores multiespectrales previos al evento) estampados con la hora y la fecha en una memoria no vol\u00e1til.\u00a0El controlador y el panel de control tambi\u00e9n pueden almacenar la tabla del historial de eventos en la memoria no vol\u00e1til, que contiene la hora y la fecha estampadas en el historial de alertas, alarmas y fallas.<\/p>\n<p>El microprocesador del modelo unificado FS7-2173-2RP, con algoritmos de procesamiento de se\u00f1ales digitales, monitorea continuamente los circuitos, la autoprueba incorporada del sensor y verifica el funcionamiento correcto.\u00a0FS7-2173-2RP con salidas de rel\u00e9 discretas est\u00e1 dise\u00f1ado para funcionar como un detector aut\u00f3nomo e interactuar con cualquier panel de alarma contra incendios aprobado.\u00a0El detector requiere una fuente de alimentaci\u00f3n externa de 24 VCC y se suministra con un cable flexible est\u00e1ndar de 20 pies.\u00a0Puede almacenar hasta seis FirePics \u2122 con fecha y hora y 200 eventos en una memoria no vol\u00e1til.\u00a0FirePics \u2122 y los historiales de eventos se pueden recuperar usando un kit de interfaz FS7 y el software para PC basado en Windows.<\/p>\n","protected":false},"excerpt":{"rendered":"<div class=\"product-description-text\">Los detectores de llama multiespectral WideBand IR \u2122, Near Band IR y Visible Band est\u00e1n dise\u00f1ados espec\u00edficamente para aplicaciones de protecci\u00f3n contra incendios de semiconductores en salas blancas.<\/div>\n","protected":false},"featured_media":5858,"template":"","meta":[],"_links":{"self":[{"href":"https:\/\/fluogas.com\/index.php?rest_route=\/wp\/v2\/product\/4945"}],"collection":[{"href":"https:\/\/fluogas.com\/index.php?rest_route=\/wp\/v2\/product"}],"about":[{"href":"https:\/\/fluogas.com\/index.php?rest_route=\/wp\/v2\/types\/product"}],"version-history":[{"count":1,"href":"https:\/\/fluogas.com\/index.php?rest_route=\/wp\/v2\/product\/4945\/revisions"}],"predecessor-version":[{"id":5862,"href":"https:\/\/fluogas.com\/index.php?rest_route=\/wp\/v2\/product\/4945\/revisions\/5862"}],"wp:featuredmedia":[{"embeddable":true,"href":"https:\/\/fluogas.com\/index.php?rest_route=\/wp\/v2\/media\/5858"}],"wp:attachment":[{"href":"https:\/\/fluogas.com\/index.php?rest_route=%2Fwp%2Fv2%2Fmedia&parent=4945"}],"curies":[{"name":"wp","href":"https:\/\/api.w.org\/{rel}","templated":true}]}}