{"id":4941,"date":"2020-09-23T20:08:33","date_gmt":"2020-09-23T20:08:33","guid":{"rendered":"http:\/\/macher.ga\/fluogas\/?post_type=product&#038;p=4941"},"modified":"2020-10-20T01:24:32","modified_gmt":"2020-10-20T01:24:32","slug":"sistema-de-monitoreo-de-gases-toxicos-multipunto-vertex","status":"publish","type":"product","link":"https:\/\/fluogas.com\/?product=sistema-de-monitoreo-de-gases-toxicos-multipunto-vertex","title":{"rendered":"Sistema de monitoreo de gases t\u00f3xicos multipunto Vertex"},"content":{"rendered":"<p>Hasta 72 puntos de detecci\u00f3n continua de gas.\u00a0Vertex combina las tecnolog\u00edas \u00f3pticas, de software y de casete qu\u00edmico m\u00e1s avanzadas en un sistema de monitoreo de gas flexible, f\u00e1cil de usar y confiable.<\/p>\n<p><strong>Flexible<\/strong><br \/>\nInicie su sistema Vertex \u2122 con tan solo ocho puntos.\u00a0A medida que cambian sus necesidades de monitoreo, Vertex \u2122 se expande y le ofrece hasta 72 puntos de detecci\u00f3n continua de gas.\u00a0Coloque sus puntos de muestreo a una distancia m\u00e1xima de 120 metros (400 pies) del sistema.\u00a0Existe una selecci\u00f3n de m\u00f3dulos analizadores universales y \/ o analizadores pirolizadores.<\/p>\n<p><strong>Reliable<\/strong><br \/>\nVertex \u2122 ofrece una potente redundancia de sistema integrada como equipo est\u00e1ndar para<br \/>\nproteger eficazmente contra el tiempo de inactividad.<\/p>\n<ul>\n<li>Bomba de respaldo y m\u00f3dulo de energ\u00eda interno<\/li>\n<li>La tecnolog\u00eda Chemcassette\u00ae proporciona evidencia f\u00edsica del evento de gas<\/li>\n<li>Copia de seguridad de los datos del sistema.\u00a0Si la computadora principal de adquisici\u00f3n de datos falla, los analizadores contin\u00faan monitoreando, registrando datos y alarmando<\/li>\n<li>Tapa resistente al goteo para la protecci\u00f3n del sistema contra fugas a\u00e9reas<\/li>\n<li>Prueba de fugas automatizada con opci\u00f3n de integridad de l\u00ednea<\/li>\n<\/ul>\n","protected":false},"excerpt":{"rendered":"<p>Combina las tecnolog\u00edas \u00f3pticas, de software y Chemcassette\u00ae m\u00e1s avanzadas en un sistema de monitoreo flexible y confiable con hasta 72 puntos de detecci\u00f3n de gas.<\/p>\n","protected":false},"featured_media":5865,"template":"","meta":[],"_links":{"self":[{"href":"https:\/\/fluogas.com\/index.php?rest_route=\/wp\/v2\/product\/4941"}],"collection":[{"href":"https:\/\/fluogas.com\/index.php?rest_route=\/wp\/v2\/product"}],"about":[{"href":"https:\/\/fluogas.com\/index.php?rest_route=\/wp\/v2\/types\/product"}],"version-history":[{"count":0,"href":"https:\/\/fluogas.com\/index.php?rest_route=\/wp\/v2\/product\/4941\/revisions"}],"wp:featuredmedia":[{"embeddable":true,"href":"https:\/\/fluogas.com\/index.php?rest_route=\/wp\/v2\/media\/5865"}],"wp:attachment":[{"href":"https:\/\/fluogas.com\/index.php?rest_route=%2Fwp%2Fv2%2Fmedia&parent=4941"}],"curies":[{"name":"wp","href":"https:\/\/api.w.org\/{rel}","templated":true}]}}